{"id":98,"date":"2022-05-17T13:59:16","date_gmt":"2022-05-17T11:59:16","guid":{"rendered":"https:\/\/lehners-barbian.de\/?page_id=98"},"modified":"2022-05-17T15:47:32","modified_gmt":"2022-05-17T13:47:32","slug":"neubau-anbau-und-umbau","status":"publish","type":"page","link":"https:\/\/lehners-barbian.de\/?page_id=98","title":{"rendered":"Neubau, Anbau und Umbau"},"content":{"rendered":"\n<p>Das Leistungsbild Objektplanung umfa\u00dft die Leistungen f\u00fcr Neubauten, Wiederaufbauten, Erweiterungsbauten, Umbauten, Modernisierungen, Ausbauten, Instandhaltungen und&nbsp; Instandsetzungen.<\/p>\n\n\n\n<p>Die Grundleistungen sind in der Honorarordnung f\u00fcr Architekten und Ingenieure ( HOAI ) als Leistungsphasen 1 &#8211; 9 aufgef\u00fchrt:<\/p>\n\n\n\n<ul class=\"wp-block-list\"><li>LP 1: <a href=\"https:\/\/lehners-barbian.de\/?page_id=100\">Grundlagenermittlung<\/a><\/li><li>LP 2: <a href=\"https:\/\/lehners-barbian.de\/?page_id=108\">Vorplanung<\/a><\/li><li>LP 3: <a href=\"https:\/\/lehners-barbian.de\/?page_id=108\">Entwurfsplanung<\/a><\/li><li>LP 4: <a href=\"https:\/\/lehners-barbian.de\/?page_id=108\">Genehmigungsplanung<\/a><\/li><li>LP 5: <a href=\"https:\/\/lehners-barbian.de\/?page_id=113\">Ausf\u00fchrungsplanung<\/a><\/li><li>LP 6: <a href=\"https:\/\/lehners-barbian.de\/?page_id=116\">Vorbereitung der Vergabe<\/a><\/li><li>LP 7: <a href=\"https:\/\/lehners-barbian.de\/?page_id=116\">Mitwirkung bei der Vergabe<\/a><\/li><li>LP 8: <a href=\"https:\/\/lehners-barbian.de\/?page_id=123\">Objekt\u00fcberwachung<\/a><\/li><li>LP 9: <a href=\"https:\/\/lehners-barbian.de\/?page_id=123\">Objektbetreuung und Dokumentation<\/a><\/li><\/ul>\n","protected":false},"excerpt":{"rendered":"<p>Das Leistungsbild Objektplanung umfa\u00dft die Leistungen f\u00fcr Neubauten, Wiederaufbauten, Erweiterungsbauten, Umbauten, Modernisierungen, Ausbauten, Instandhaltungen und&nbsp; Instandsetzungen. Die Grundleistungen sind in der Honorarordnung f\u00fcr Architekten und Ingenieure ( HOAI ) als Leistungsphasen 1 &#8211; 9 aufgef\u00fchrt: LP 1: Grundlagenermittlung LP 2: Vorplanung LP 3: Entwurfsplanung LP 4: Genehmigungsplanung LP 5: Ausf\u00fchrungsplanung LP 6: Vorbereitung der Vergabe &hellip; <\/p>\n<p class=\"link-more\"><a href=\"https:\/\/lehners-barbian.de\/?page_id=98\" class=\"more-link\">Mehr <span class=\"screen-reader-text\">\u00fcber &#8222;Neubau, Anbau und Umbau&#8220; <\/span>Lesen<\/a><\/p>\n","protected":false},"author":2,"featured_media":0,"parent":0,"menu_order":0,"comment_status":"closed","ping_status":"closed","template":"","meta":{"footnotes":""},"class_list":["post-98","page","type-page","status-publish","hentry"],"_links":{"self":[{"href":"https:\/\/lehners-barbian.de\/index.php?rest_route=\/wp\/v2\/pages\/98","targetHints":{"allow":["GET"]}}],"collection":[{"href":"https:\/\/lehners-barbian.de\/index.php?rest_route=\/wp\/v2\/pages"}],"about":[{"href":"https:\/\/lehners-barbian.de\/index.php?rest_route=\/wp\/v2\/types\/page"}],"author":[{"embeddable":true,"href":"https:\/\/lehners-barbian.de\/index.php?rest_route=\/wp\/v2\/users\/2"}],"replies":[{"embeddable":true,"href":"https:\/\/lehners-barbian.de\/index.php?rest_route=%2Fwp%2Fv2%2Fcomments&post=98"}],"version-history":[{"count":4,"href":"https:\/\/lehners-barbian.de\/index.php?rest_route=\/wp\/v2\/pages\/98\/revisions"}],"predecessor-version":[{"id":149,"href":"https:\/\/lehners-barbian.de\/index.php?rest_route=\/wp\/v2\/pages\/98\/revisions\/149"}],"wp:attachment":[{"href":"https:\/\/lehners-barbian.de\/index.php?rest_route=%2Fwp%2Fv2%2Fmedia&parent=98"}],"curies":[{"name":"wp","href":"https:\/\/api.w.org\/{rel}","templated":true}]}}