{"id":94,"date":"2022-05-17T13:53:06","date_gmt":"2022-05-17T11:53:06","guid":{"rendered":"https:\/\/lehners-barbian.de\/?page_id=94"},"modified":"2023-04-21T15:06:27","modified_gmt":"2023-04-21T13:06:27","slug":"sicherheits-und-gesundheitskoordinator","status":"publish","type":"page","link":"https:\/\/lehners-barbian.de\/?page_id=94","title":{"rendered":"SiGeKo"},"content":{"rendered":"\n<div class=\"wp-block-columns is-layout-flex wp-container-core-columns-is-layout-28f84493 wp-block-columns-is-layout-flex\">\n<div class=\"wp-block-column is-layout-flow wp-block-column-is-layout-flow\" style=\"flex-basis:66.66%\">\n<p>Auf Baustellen in Deutschland ist die Unfallh\u00e4ufigkeit mehr als doppelt so hoch wie im Durchschnitt der gewerblichen Wirtschaft. Unf\u00e4lle auf Baustellen haben im Vergleich zu den Unf\u00e4llen in anderen Wirtschaftszweigen meist deutlich schwerere Folgen. Im Interesse der am Bau t\u00e4tigen Menschen gibt es seit dem 10.Juni 1998 die neue Baustellenverordnung, die der wesentlichen Verbesserung von Sicherheit und Gesundheitsschutz der Besch\u00e4ftigten auf Baustellen dient.<\/p>\n\n\n\n<p>Die Beauftragung eines Sicherheits- und Gesundheitskoordinators zur Erstellung eines Sicherheits- und Gesundheitsschutzplanes sowie die \u00dcberwachung der ordnungsgem\u00e4\u00dfen Anwendung der Arbeitsverfahren und Koordination der Anwendung des Arbeitsschutzgesetzes ist verpflichtend f\u00fcr den Bauherrn, wenn z.B.<\/p>\n\n\n\n<ul class=\"wp-block-list\">\n<li>die voraussichtliche Dauer der Arbeiten mehr als 30 Arbeitstage betr\u00e4gt und wenn mehr als 20 Besch\u00e4ftigte gleichzeitig t\u00e4tig sind,<\/li>\n\n\n\n<li>der Umfang der Arbeiten voraussichtlich 500 Personentage \u00fcberschreitet (\u00a72 Baustellenverordnung)<\/li>\n<\/ul>\n\n\n\n<p>Diese Vorraussetzungen sind oft schon bei Einfamilienh\u00e4usern erf\u00fcllt.<\/p>\n\n\n\n<p>Weitere Informationen zur Baustellenverordnung finden Sie beim <a href=\"https:\/\/www.bmas.de\/DE\/Arbeit\/Arbeitsschutz\/arbeitsschutz.html\">Bundesministerium f\u00fcr Arbeit und Soziales<\/a>.<\/p>\n<\/div>\n\n\n\n<div class=\"wp-block-column is-layout-flow wp-block-column-is-layout-flow\" style=\"flex-basis:33.33%\">\n<figure class=\"wp-block-image size-large\"><img loading=\"lazy\" decoding=\"async\" width=\"2098\" height=\"2098\" src=\"https:\/\/lehners-barbian.de\/wp-content\/uploads\/2022\/10\/SiGeKo-min-edited.jpg\" alt=\"\" class=\"wp-image-844\" srcset=\"https:\/\/lehners-barbian.de\/wp-content\/uploads\/2022\/10\/SiGeKo-min-edited.jpg 2098w, https:\/\/lehners-barbian.de\/wp-content\/uploads\/2022\/10\/SiGeKo-min-edited-300x300.jpg 300w, https:\/\/lehners-barbian.de\/wp-content\/uploads\/2022\/10\/SiGeKo-min-edited-1024x1024.jpg 1024w, https:\/\/lehners-barbian.de\/wp-content\/uploads\/2022\/10\/SiGeKo-min-edited-150x150.jpg 150w, https:\/\/lehners-barbian.de\/wp-content\/uploads\/2022\/10\/SiGeKo-min-edited-768x768.jpg 768w, https:\/\/lehners-barbian.de\/wp-content\/uploads\/2022\/10\/SiGeKo-min-edited-1536x1536.jpg 1536w, https:\/\/lehners-barbian.de\/wp-content\/uploads\/2022\/10\/SiGeKo-min-edited-2048x2048.jpg 2048w, https:\/\/lehners-barbian.de\/wp-content\/uploads\/2022\/10\/SiGeKo-min-edited-2000x2000.jpg 2000w\" sizes=\"auto, (max-width: 2098px) 100vw, 2098px\" \/><\/figure>\n<\/div>\n<\/div>\n","protected":false},"excerpt":{"rendered":"<p>Auf Baustellen in Deutschland ist die Unfallh\u00e4ufigkeit mehr als doppelt so hoch wie im Durchschnitt der gewerblichen Wirtschaft. Unf\u00e4lle auf Baustellen haben im Vergleich zu den Unf\u00e4llen in anderen Wirtschaftszweigen meist deutlich schwerere Folgen. Im Interesse der am Bau t\u00e4tigen Menschen gibt es seit dem 10.Juni 1998 die neue Baustellenverordnung, die der wesentlichen Verbesserung von &hellip; <\/p>\n<p class=\"link-more\"><a href=\"https:\/\/lehners-barbian.de\/?page_id=94\" class=\"more-link\">Mehr <span class=\"screen-reader-text\">\u00fcber &#8222;SiGeKo&#8220; <\/span>Lesen<\/a><\/p>\n","protected":false},"author":2,"featured_media":0,"parent":0,"menu_order":0,"comment_status":"closed","ping_status":"closed","template":"","meta":{"footnotes":""},"class_list":["post-94","page","type-page","status-publish","hentry"],"_links":{"self":[{"href":"https:\/\/lehners-barbian.de\/index.php?rest_route=\/wp\/v2\/pages\/94","targetHints":{"allow":["GET"]}}],"collection":[{"href":"https:\/\/lehners-barbian.de\/index.php?rest_route=\/wp\/v2\/pages"}],"about":[{"href":"https:\/\/lehners-barbian.de\/index.php?rest_route=\/wp\/v2\/types\/page"}],"author":[{"embeddable":true,"href":"https:\/\/lehners-barbian.de\/index.php?rest_route=\/wp\/v2\/users\/2"}],"replies":[{"embeddable":true,"href":"https:\/\/lehners-barbian.de\/index.php?rest_route=%2Fwp%2Fv2%2Fcomments&post=94"}],"version-history":[{"count":5,"href":"https:\/\/lehners-barbian.de\/index.php?rest_route=\/wp\/v2\/pages\/94\/revisions"}],"predecessor-version":[{"id":931,"href":"https:\/\/lehners-barbian.de\/index.php?rest_route=\/wp\/v2\/pages\/94\/revisions\/931"}],"wp:attachment":[{"href":"https:\/\/lehners-barbian.de\/index.php?rest_route=%2Fwp%2Fv2%2Fmedia&parent=94"}],"curies":[{"name":"wp","href":"https:\/\/api.w.org\/{rel}","templated":true}]}}