{"id":90,"date":"2022-05-17T13:48:18","date_gmt":"2022-05-17T11:48:18","guid":{"rendered":"https:\/\/lehners-barbian.de\/?page_id=90"},"modified":"2022-10-20T15:35:42","modified_gmt":"2022-10-20T13:35:42","slug":"energetische-sanierung","status":"publish","type":"page","link":"https:\/\/lehners-barbian.de\/?page_id=90","title":{"rendered":"Energetische Sanierung"},"content":{"rendered":"\n<div class=\"wp-block-columns is-layout-flex wp-container-core-columns-is-layout-28f84493 wp-block-columns-is-layout-flex\">\n<div class=\"wp-block-column is-layout-flow wp-block-column-is-layout-flow\" style=\"flex-basis:66.66%\">\n<p>Im Regelfall beinhaltet die energetische Sanierung die \u00dcberarbeitung der thermischen H\u00fclle eines Geb\u00e4udes gem\u00e4\u00df Energieeinsparverordnung sowie der gesamten Heizanlage mit dem Zweck den Heizenergiebedarf erheblich zu senken.<\/p>\n\n\n\n<h3 class=\"wp-block-heading\">Folgende Ma\u00dfnahmen werden in diesem Zuge h\u00e4ufig durchgef\u00fchrt:<\/h3>\n\n\n\n<ul class=\"wp-block-list\"><li>D\u00e4mmung der Fassade<\/li><li>Austausch der T\u00fcren und Fenster<\/li><li>D\u00e4mmung des Daches<\/li><li>D\u00e4mmung der Kellerdecke<\/li><li>Modernisierung der Heizungsanlage<\/li><li>Einsatz von erneuerbaren Energien<\/li><\/ul>\n<\/div>\n\n\n\n<div class=\"wp-block-column is-layout-flow wp-block-column-is-layout-flow\" style=\"flex-basis:33.33%\">\n<figure class=\"wp-block-image size-large\"><img loading=\"lazy\" decoding=\"async\" width=\"1024\" height=\"983\" src=\"https:\/\/lehners-barbian.de\/wp-content\/uploads\/2022\/05\/heizung_wissen_energetische-sanierung_-1024x983.jpg\" alt=\"\" class=\"wp-image-91\" srcset=\"https:\/\/lehners-barbian.de\/wp-content\/uploads\/2022\/05\/heizung_wissen_energetische-sanierung_-1024x983.jpg 1024w, https:\/\/lehners-barbian.de\/wp-content\/uploads\/2022\/05\/heizung_wissen_energetische-sanierung_-300x288.jpg 300w, https:\/\/lehners-barbian.de\/wp-content\/uploads\/2022\/05\/heizung_wissen_energetische-sanierung_-768x737.jpg 768w, https:\/\/lehners-barbian.de\/wp-content\/uploads\/2022\/05\/heizung_wissen_energetische-sanierung_.jpg 1407w\" sizes=\"auto, (max-width: 1024px) 100vw, 1024px\" \/><\/figure>\n<\/div>\n<\/div>\n\n\n\n<div class=\"wp-block-columns is-layout-flex wp-container-core-columns-is-layout-28f84493 wp-block-columns-is-layout-flex\">\n<div class=\"wp-block-column is-layout-flow wp-block-column-is-layout-flow\"><\/div>\n\n\n\n<div class=\"wp-block-column is-layout-flow wp-block-column-is-layout-flow\"><\/div>\n\n\n\n<div class=\"wp-block-column is-layout-flow wp-block-column-is-layout-flow\">\n<figure class=\"wp-block-image size-large\"><img loading=\"lazy\" decoding=\"async\" width=\"768\" height=\"1024\" src=\"https:\/\/lehners-barbian.de\/wp-content\/uploads\/2022\/10\/20220726_094506-min1-768x1024.jpg\" alt=\"\" class=\"wp-image-873\" srcset=\"https:\/\/lehners-barbian.de\/wp-content\/uploads\/2022\/10\/20220726_094506-min1-768x1024.jpg 768w, https:\/\/lehners-barbian.de\/wp-content\/uploads\/2022\/10\/20220726_094506-min1-225x300.jpg 225w, https:\/\/lehners-barbian.de\/wp-content\/uploads\/2022\/10\/20220726_094506-min1-1152x1536.jpg 1152w, https:\/\/lehners-barbian.de\/wp-content\/uploads\/2022\/10\/20220726_094506-min1-1536x2048.jpg 1536w, https:\/\/lehners-barbian.de\/wp-content\/uploads\/2022\/10\/20220726_094506-min1-2000x2667.jpg 2000w, https:\/\/lehners-barbian.de\/wp-content\/uploads\/2022\/10\/20220726_094506-min1-scaled.jpg 1920w\" sizes=\"auto, (max-width: 768px) 100vw, 768px\" \/><\/figure>\n<\/div>\n<\/div>\n","protected":false},"excerpt":{"rendered":"<p>Im Regelfall beinhaltet die energetische Sanierung die \u00dcberarbeitung der thermischen H\u00fclle eines Geb\u00e4udes gem\u00e4\u00df Energieeinsparverordnung sowie der gesamten Heizanlage mit dem Zweck den Heizenergiebedarf erheblich zu senken. Folgende Ma\u00dfnahmen werden in diesem Zuge h\u00e4ufig durchgef\u00fchrt: D\u00e4mmung der Fassade Austausch der T\u00fcren und Fenster D\u00e4mmung des Daches D\u00e4mmung der Kellerdecke Modernisierung der Heizungsanlage Einsatz von erneuerbaren &hellip; <\/p>\n<p class=\"link-more\"><a href=\"https:\/\/lehners-barbian.de\/?page_id=90\" class=\"more-link\">Mehr <span class=\"screen-reader-text\">\u00fcber &#8222;Energetische Sanierung&#8220; <\/span>Lesen<\/a><\/p>\n","protected":false},"author":2,"featured_media":0,"parent":0,"menu_order":0,"comment_status":"closed","ping_status":"closed","template":"","meta":{"footnotes":""},"class_list":["post-90","page","type-page","status-publish","hentry"],"_links":{"self":[{"href":"https:\/\/lehners-barbian.de\/index.php?rest_route=\/wp\/v2\/pages\/90","targetHints":{"allow":["GET"]}}],"collection":[{"href":"https:\/\/lehners-barbian.de\/index.php?rest_route=\/wp\/v2\/pages"}],"about":[{"href":"https:\/\/lehners-barbian.de\/index.php?rest_route=\/wp\/v2\/types\/page"}],"author":[{"embeddable":true,"href":"https:\/\/lehners-barbian.de\/index.php?rest_route=\/wp\/v2\/users\/2"}],"replies":[{"embeddable":true,"href":"https:\/\/lehners-barbian.de\/index.php?rest_route=%2Fwp%2Fv2%2Fcomments&post=90"}],"version-history":[{"count":3,"href":"https:\/\/lehners-barbian.de\/index.php?rest_route=\/wp\/v2\/pages\/90\/revisions"}],"predecessor-version":[{"id":874,"href":"https:\/\/lehners-barbian.de\/index.php?rest_route=\/wp\/v2\/pages\/90\/revisions\/874"}],"wp:attachment":[{"href":"https:\/\/lehners-barbian.de\/index.php?rest_route=%2Fwp%2Fv2%2Fmedia&parent=90"}],"curies":[{"name":"wp","href":"https:\/\/api.w.org\/{rel}","templated":true}]}}