{"id":9,"date":"2022-05-16T12:00:36","date_gmt":"2022-05-16T10:00:36","guid":{"rendered":"https:\/\/lehners-barbian.de\/?page_id=9"},"modified":"2024-06-11T12:13:01","modified_gmt":"2024-06-11T10:13:01","slug":"team","status":"publish","type":"page","link":"https:\/\/lehners-barbian.de\/?page_id=9","title":{"rendered":"Team"},"content":{"rendered":"\n<div class=\"wp-block-group is-style-default has-light-background-background-color has-background has-global-padding is-layout-constrained wp-container-core-group-is-layout-02ab25f7 wp-block-group-is-layout-constrained\" style=\"padding-top:60px;padding-bottom:60px;padding-left:0\">\n<div class=\"wp-block-group has-global-padding is-layout-constrained wp-block-group-is-layout-constrained\">\n<div class=\"wp-block-columns is-layout-flex wp-container-core-columns-is-layout-d7d455e7 wp-block-columns-is-layout-flex\" style=\"padding-top:0;padding-right:0;padding-bottom:0;padding-left:0\">\n<div class=\"wp-block-column is-vertically-aligned-top is-layout-flow wp-block-column-is-layout-flow\" style=\"flex-basis:50%\">\n<figure class=\"wp-block-image size-large is-style-rounded\"><img loading=\"lazy\" decoding=\"async\" width=\"1024\" height=\"1024\" src=\"https:\/\/lehners-barbian.de\/wp-content\/uploads\/2024\/06\/20240611_114655_Quadrat-1024x1024.jpg\" alt=\"\" class=\"wp-image-1039\" srcset=\"https:\/\/lehners-barbian.de\/wp-content\/uploads\/2024\/06\/20240611_114655_Quadrat-1024x1024.jpg 1024w, https:\/\/lehners-barbian.de\/wp-content\/uploads\/2024\/06\/20240611_114655_Quadrat-300x300.jpg 300w, https:\/\/lehners-barbian.de\/wp-content\/uploads\/2024\/06\/20240611_114655_Quadrat-150x150.jpg 150w, https:\/\/lehners-barbian.de\/wp-content\/uploads\/2024\/06\/20240611_114655_Quadrat-2000x2000.jpg 2000w\" sizes=\"auto, (max-width: 1024px) 100vw, 1024px\" \/><\/figure>\n<\/div>\n\n\n\n<div class=\"wp-block-column is-vertically-aligned-center is-layout-flow wp-block-column-is-layout-flow\" style=\"padding-left:var(--wp--preset--spacing--80);flex-basis:50%\">\n<p class=\"has-foreground-color has-text-color\"><strong>Unser Team<\/strong><\/p>\n\n\n\n<p>Wir sind ein erfahrenes, engagiertes und interdisziplin\u00e4res Team aus Architekten, Naturwissenschaftlern, Bauingenieuren, Bauzeichnern und Studenten verschiedener Fachrichtungen.<br><br><strong>Unsere M\u00f6glichkeiten beruhen auf<\/strong>:<\/p>\n\n\n\n<ul class=\"wp-block-list\">\n<li>der Mobilit\u00e4t zur Betreuung unserer Kunden im gesamten Bundesgebiet<\/li>\n\n\n\n<li>einer modernen digitalen- und datentechnischen Ausstattung zur anspruchsvollen und z\u00fcgigen Auftragsabwicklung<\/li>\n\n\n\n<li>der Qualit\u00e4tssicherung durch eigene Ger\u00e4tetechnik zur fachgerechten Probeentnahme und Baustoffpr\u00fcfung am Objekt<\/li>\n<\/ul>\n<\/div>\n<\/div>\n<\/div>\n<\/div>\n","protected":false},"excerpt":{"rendered":"<p>Unser Team Wir sind ein erfahrenes, engagiertes und interdisziplin\u00e4res Team aus Architekten, Naturwissenschaftlern, Bauingenieuren, Bauzeichnern und Studenten verschiedener Fachrichtungen. Unsere M\u00f6glichkeiten beruhen auf:<\/p>\n","protected":false},"author":2,"featured_media":0,"parent":0,"menu_order":0,"comment_status":"closed","ping_status":"closed","template":"","meta":{"footnotes":""},"class_list":["post-9","page","type-page","status-publish","hentry"],"_links":{"self":[{"href":"https:\/\/lehners-barbian.de\/index.php?rest_route=\/wp\/v2\/pages\/9","targetHints":{"allow":["GET"]}}],"collection":[{"href":"https:\/\/lehners-barbian.de\/index.php?rest_route=\/wp\/v2\/pages"}],"about":[{"href":"https:\/\/lehners-barbian.de\/index.php?rest_route=\/wp\/v2\/types\/page"}],"author":[{"embeddable":true,"href":"https:\/\/lehners-barbian.de\/index.php?rest_route=\/wp\/v2\/users\/2"}],"replies":[{"embeddable":true,"href":"https:\/\/lehners-barbian.de\/index.php?rest_route=%2Fwp%2Fv2%2Fcomments&post=9"}],"version-history":[{"count":16,"href":"https:\/\/lehners-barbian.de\/index.php?rest_route=\/wp\/v2\/pages\/9\/revisions"}],"predecessor-version":[{"id":1040,"href":"https:\/\/lehners-barbian.de\/index.php?rest_route=\/wp\/v2\/pages\/9\/revisions\/1040"}],"wp:attachment":[{"href":"https:\/\/lehners-barbian.de\/index.php?rest_route=%2Fwp%2Fv2%2Fmedia&parent=9"}],"curies":[{"name":"wp","href":"https:\/\/api.w.org\/{rel}","templated":true}]}}