{"id":494,"date":"2022-08-04T14:47:50","date_gmt":"2022-08-04T12:47:50","guid":{"rendered":"https:\/\/lehners-barbian.de\/?page_id=494"},"modified":"2024-11-12T12:36:50","modified_gmt":"2024-11-12T11:36:50","slug":"energetische-sanierung-von-drei-hochhaeusern-nordring-voelklingen","status":"publish","type":"page","link":"https:\/\/lehners-barbian.de\/?page_id=494","title":{"rendered":""},"content":{"rendered":"\n<div class=\"wp-block-cover alignfull has-custom-content-position is-position-bottom-left\" style=\"min-height:1099px;aspect-ratio:unset;\"><span aria-hidden=\"true\" class=\"wp-block-cover__background has-background-dim-20 has-background-dim\" style=\"background-color:#777d86\"><\/span><img loading=\"lazy\" decoding=\"async\" width=\"1951\" height=\"2560\" class=\"wp-block-cover__image-background wp-image-961\" alt=\"\" src=\"https:\/\/lehners-barbian.de\/wp-content\/uploads\/2023\/09\/20230427_081922-scaled.jpg\" data-object-fit=\"cover\" srcset=\"https:\/\/lehners-barbian.de\/wp-content\/uploads\/2023\/09\/20230427_081922-scaled.jpg 1951w, https:\/\/lehners-barbian.de\/wp-content\/uploads\/2023\/09\/20230427_081922-229x300.jpg 229w, https:\/\/lehners-barbian.de\/wp-content\/uploads\/2023\/09\/20230427_081922-780x1024.jpg 780w, https:\/\/lehners-barbian.de\/wp-content\/uploads\/2023\/09\/20230427_081922-768x1008.jpg 768w, https:\/\/lehners-barbian.de\/wp-content\/uploads\/2023\/09\/20230427_081922-1170x1536.jpg 1170w, https:\/\/lehners-barbian.de\/wp-content\/uploads\/2023\/09\/20230427_081922-1560x2048.jpg 1560w, https:\/\/lehners-barbian.de\/wp-content\/uploads\/2023\/09\/20230427_081922-2000x2625.jpg 2000w\" sizes=\"auto, (max-width: 1951px) 100vw, 1951px\" \/><div class=\"wp-block-cover__inner-container is-layout-flow wp-block-cover-is-layout-flow\">\n<div style=\"height:71px\" aria-hidden=\"true\" class=\"wp-block-spacer\"><\/div>\n\n\n\n<div class=\"wp-block-buttons is-content-justification-center is-layout-flex wp-container-core-buttons-is-layout-a89b3969 wp-block-buttons-is-layout-flex\"><\/div>\n\n\n\n<p class=\"has-text-align-left has-white-color has-text-color\" style=\"font-size:clamp(37.821px, 2.364rem + ((1vw - 3.2px) * 3.352), 70px);font-style:normal;font-weight:900\"><strong>Hochh\u00e4user<\/strong><\/p>\n\n\n\n<p class=\"has-text-align-left has-white-color has-text-color has-medium-font-size\" style=\"letter-spacing:1px\">V\u00f6lklingen &#8211; Brandschutzsanierung von drei Hochh\u00e4usern<\/p>\n<\/div><\/div>\n\n\n\n<div class=\"wp-block-columns is-layout-flex wp-container-core-columns-is-layout-28f84493 wp-block-columns-is-layout-flex\">\n<div class=\"wp-block-column is-layout-flow wp-block-column-is-layout-flow\">\n<h2 class=\"wp-block-heading has-text-color has-link-color has-small-font-size wp-elements-82ac7611a01761705768fd70ad30e691\" style=\"color:#56a3d3;margin-top:0;margin-right:0;margin-bottom:0;margin-left:0;padding-top:0;padding-right:0;padding-bottom:0;padding-left:0;font-style:normal;font-weight:300\">Energetische Brandschutzsanierung<\/h2>\n\n\n\n<p class=\"has-large-font-size\" style=\"font-style:normal;font-weight:300\">Hochh\u00e4user am Nordring<\/p>\n<\/div>\n\n\n\n<div class=\"wp-block-column is-layout-flow wp-block-column-is-layout-flow\">\n<p class=\"has-text-align-left\" style=\"font-style:normal;font-weight:200\">Die<strong> <\/strong>Drei Nordinghochh\u00e4user wurden von 2020 bis 2023 umfassend saniert. Ziel dieser Sanierung war es, die Geb\u00e4ude energetisch und brandschutztechnisch auf den neuesten Stand zu bringen sowie ihre \u00c4sthetik und Langlebigkeit durch eine Erneuerung der Fassade und D\u00e4cher deutlich zu verbessern.<\/p>\n\n\n\n<p class=\"has-text-align-left\" style=\"font-style:normal;font-weight:200\">Ein besonderes Augenmerk lag auf der Erneuerung der Dachfl\u00e4chen. Die D\u00e4cher wurden mit dem Kalzip-System saniert, einer innovativen und bew\u00e4hrten L\u00f6sung f\u00fcr flache und geneigte D\u00e4cher. Dieses System bietet eine hervorragende Witterungsbest\u00e4ndigkeit und ist besonders wartungsarm. Die Kalzip-D\u00e4cher verleihen den Hochh\u00e4usern nicht nur eine ansprechende Optik, sondern verbessern durch ihre Langlebigkeit und Widerstandsf\u00e4higkeit die Gesamtlebensdauer der Bauwerke.<\/p>\n\n\n\n<div class=\"wp-block-group has-global-padding is-layout-constrained wp-block-group-is-layout-constrained\">\n<p class=\"has-text-align-left has-text-color has-link-color wp-elements-865120e59e25d419fd954b26ad742b07\" style=\"color:#56a3d3;font-style:normal;font-weight:300\">Projekt: Energetische Brandschutzsanierung<br>Standort: V\u00f6lklingen<br>Bruttogrundfl\u00e4che: 3 x ca. 800 m\u00b2<br>Baubeginn:&nbsp;Q1 2020<br>Fertigstellung:&nbsp; ca. Q3 2023<br>Status: Fertiggestellt<\/p>\n<\/div>\n<\/div>\n<\/div>\n\n\n<div id=\"metaslider-id-1182\" style=\"width: 100%;\" class=\"ml-slider-3-98-0 metaslider metaslider-flex metaslider-1182 ml-slider ms-theme-default\" role=\"region\" aria-roledescription=\"Slideshow\" aria-label=\"New Slideshow\" data-width=\"650\">\n    <div id=\"metaslider_container_1182\">\n        <div id=\"metaslider_1182\">\n            <ul class='slides'>\n                <li style=\"display: block; width: 100%;\" class=\"slide-1183 ms-image \" aria-roledescription=\"slide\" aria-label=\"slide-1183\" data-date=\"2024-11-12 12:30:55\"><img loading=\"lazy\" decoding=\"async\" src=\"https:\/\/lehners-barbian.de\/wp-content\/uploads\/2023\/09\/20230427_081752-scaled-650x1000.jpg\" height=\"1000\" width=\"650\" alt=\"\" class=\"slider-1182 slide-1183\" title=\"20230427_081752\" \/><div class=\"caption-wrap\"><div class=\"caption\"><div>Nordring V\u00f6lklingen<\/div><\/div><\/div><\/li>\n                <li style=\"display: none; width: 100%;\" class=\"slide-1184 ms-image \" aria-roledescription=\"slide\" aria-label=\"slide-1184\" data-date=\"2024-11-12 12:30:56\"><img loading=\"lazy\" decoding=\"async\" src=\"https:\/\/lehners-barbian.de\/wp-content\/uploads\/2023\/09\/20220308_091543-1-scaled-650x1000.jpg\" height=\"1000\" width=\"650\" alt=\"\" class=\"slider-1182 slide-1184\" title=\"20220308_091543-1\" \/><div class=\"caption-wrap\"><div class=\"caption\"><div>Nordring V\u00f6lklingen<\/div><\/div><\/div><\/li>\n                <li style=\"display: none; width: 100%;\" class=\"slide-1185 ms-image \" aria-roledescription=\"slide\" aria-label=\"slide-1185\" data-date=\"2024-11-12 12:30:56\"><img loading=\"lazy\" decoding=\"async\" src=\"https:\/\/lehners-barbian.de\/wp-content\/uploads\/2023\/09\/20220729_115500-min-min-1152x1536-2-650x1000.jpg\" height=\"1000\" width=\"650\" alt=\"\" class=\"slider-1182 slide-1185\" title=\"20220729_115500-min-min-1152x1536-2\" \/><div class=\"caption-wrap\"><div class=\"caption\"><div>Nordring V\u00f6lklingen<\/div><\/div><\/div><\/li>\n                <li style=\"display: none; width: 100%;\" class=\"slide-1194 ms-image \" aria-roledescription=\"slide\" aria-label=\"slide-1194\" data-date=\"2024-11-12 12:36:28\"><img loading=\"lazy\" decoding=\"async\" src=\"https:\/\/lehners-barbian.de\/wp-content\/uploads\/2023\/09\/20230427_081922-scaled-650x1000.jpg\" height=\"1000\" width=\"650\" alt=\"\" class=\"slider-1182 slide-1194\" title=\"20230427_081922\" \/><div class=\"caption-wrap\"><div class=\"caption\"><div>Nordring V\u00f6lklingen<\/div><\/div><\/div><\/li>\n            <\/ul>\n        <\/div>\n        \n    <\/div>\n<\/div>\n\n\n<div id=\"metaslider-id-1187\" style=\"width: 100%;\" class=\"ml-slider-3-98-0 metaslider metaslider-flex metaslider-1187 ml-slider ms-theme-default\" role=\"region\" aria-roledescription=\"Slideshow\" aria-label=\"kalzip dach\" data-width=\"1000\">\n    <div id=\"metaslider_container_1187\">\n        <div id=\"metaslider_1187\">\n            <ul class='slides'>\n                <li style=\"display: block; width: 100%;\" class=\"slide-1188 ms-image \" aria-roledescription=\"slide\" aria-label=\"slide-1188\" data-date=\"2024-11-12 12:34:19\"><img loading=\"lazy\" decoding=\"async\" src=\"https:\/\/lehners-barbian.de\/wp-content\/uploads\/2023\/09\/Neue-Dachkonstruktion-Kalzip-scaled-1000x650.jpg\" height=\"650\" width=\"1000\" alt=\"\" class=\"slider-1187 slide-1188\" title=\"Neue-Dachkonstruktion-Kalzip\" \/><div class=\"caption-wrap\"><div class=\"caption\"><div>Erneuerung der dachfl\u00e4che mittels Kalzip-System<\/div><\/div><\/div><\/li>\n                <li style=\"display: none; width: 100%;\" class=\"slide-1189 ms-image \" aria-roledescription=\"slide\" aria-label=\"slide-1189\" data-date=\"2024-11-12 12:34:19\"><img loading=\"lazy\" decoding=\"async\" src=\"https:\/\/lehners-barbian.de\/wp-content\/uploads\/2023\/09\/Unterkonstruktion-Dach-Kalzip-scaled-1000x650.jpg\" height=\"650\" width=\"1000\" alt=\"\" class=\"slider-1187 slide-1189\" title=\"Unterkonstruktion-Dach-Kalzip\" \/><div class=\"caption-wrap\"><div class=\"caption\"><div>\n<div>Erneuerung der dachfl\u00e4che mittels Kalzip-System<\/div>\n<\/div><\/div><\/div><\/li>\n                <li style=\"display: none; width: 100%;\" class=\"slide-1190 ms-image \" aria-roledescription=\"slide\" aria-label=\"slide-1190\" data-date=\"2024-11-12 12:34:20\"><img loading=\"lazy\" decoding=\"async\" src=\"https:\/\/lehners-barbian.de\/wp-content\/uploads\/2023\/09\/Konstruktion-Mobilfunk-HN-75-scaled-1000x650.jpg\" height=\"650\" width=\"1000\" alt=\"\" class=\"slider-1187 slide-1190\" title=\"Konstruktion-Mobilfunk-HN-75\" \/><div class=\"caption-wrap\"><div class=\"caption\"><div>\n<div>Erneuerung der dachfl\u00e4che mittels Kalzip-System<\/div>\n<\/div><\/div><\/div><\/li>\n                <li style=\"display: none; width: 100%;\" class=\"slide-1191 ms-image \" aria-roledescription=\"slide\" aria-label=\"slide-1191\" data-date=\"2024-11-12 12:34:20\"><img loading=\"lazy\" decoding=\"async\" src=\"https:\/\/lehners-barbian.de\/wp-content\/uploads\/2023\/09\/Kalzip-Dach-mit-Absturzsicherung-scaled-1000x650.jpg\" height=\"650\" width=\"1000\" alt=\"\" class=\"slider-1187 slide-1191\" title=\"Kalzip-Dach-mit-Absturzsicherung\" \/><div class=\"caption-wrap\"><div class=\"caption\"><div>\n<div>Erneuerung der dachfl\u00e4che mittels Kalzip-System<\/div>\n<\/div><\/div><\/div><\/li>\n                <li style=\"display: none; width: 100%;\" class=\"slide-1192 ms-image \" aria-roledescription=\"slide\" aria-label=\"slide-1192\" data-date=\"2024-11-12 12:34:21\"><img loading=\"lazy\" decoding=\"async\" src=\"https:\/\/lehners-barbian.de\/wp-content\/uploads\/2023\/09\/20220822_110732-scaled-1000x650.jpg\" height=\"650\" width=\"1000\" alt=\"\" class=\"slider-1187 slide-1192\" title=\"20220822_110732\" \/><div class=\"caption-wrap\"><div class=\"caption\"><div>\n<div>Erneuerung der dachfl\u00e4che mittels Kalzip-System<\/div>\n<\/div><\/div><\/div><\/li>\n            <\/ul>\n        <\/div>\n        \n    <\/div>\n<\/div>\n\n\n\n<p><a href=\"https:\/\/lehners-barbian.de\/?page_id=10\">Zur\u00fcck zu den Projekten<\/a><\/p>\n","protected":false},"excerpt":{"rendered":"<p>Energetische Brandschutzsanierung Hochh\u00e4user am Nordring Die Drei Nordinghochh\u00e4user wurden von 2020 bis 2023 umfassend saniert. Ziel dieser Sanierung war es, die Geb\u00e4ude energetisch und brandschutztechnisch auf den neuesten Stand zu bringen sowie ihre \u00c4sthetik und Langlebigkeit durch eine Erneuerung der Fassade und D\u00e4cher deutlich zu verbessern. Ein besonderes Augenmerk lag auf der Erneuerung der Dachfl\u00e4chen. &hellip; <\/p>\n<p class=\"link-more\"><a href=\"https:\/\/lehners-barbian.de\/?page_id=494\" class=\"more-link\">Mehr <span class=\"screen-reader-text\">\u00fcber &#8222;&#8220; <\/span>Lesen<\/a><\/p>\n","protected":false},"author":2,"featured_media":0,"parent":0,"menu_order":0,"comment_status":"closed","ping_status":"closed","template":"","meta":{"footnotes":""},"class_list":["post-494","page","type-page","status-publish","hentry"],"_links":{"self":[{"href":"https:\/\/lehners-barbian.de\/index.php?rest_route=\/wp\/v2\/pages\/494","targetHints":{"allow":["GET"]}}],"collection":[{"href":"https:\/\/lehners-barbian.de\/index.php?rest_route=\/wp\/v2\/pages"}],"about":[{"href":"https:\/\/lehners-barbian.de\/index.php?rest_route=\/wp\/v2\/types\/page"}],"author":[{"embeddable":true,"href":"https:\/\/lehners-barbian.de\/index.php?rest_route=\/wp\/v2\/users\/2"}],"replies":[{"embeddable":true,"href":"https:\/\/lehners-barbian.de\/index.php?rest_route=%2Fwp%2Fv2%2Fcomments&post=494"}],"version-history":[{"count":9,"href":"https:\/\/lehners-barbian.de\/index.php?rest_route=\/wp\/v2\/pages\/494\/revisions"}],"predecessor-version":[{"id":1193,"href":"https:\/\/lehners-barbian.de\/index.php?rest_route=\/wp\/v2\/pages\/494\/revisions\/1193"}],"wp:attachment":[{"href":"https:\/\/lehners-barbian.de\/index.php?rest_route=%2Fwp%2Fv2%2Fmedia&parent=494"}],"curies":[{"name":"wp","href":"https:\/\/api.w.org\/{rel}","templated":true}]}}