{"id":43,"date":"2022-05-16T14:36:18","date_gmt":"2022-05-16T12:36:18","guid":{"rendered":"https:\/\/lehners-barbian.de\/?page_id=43"},"modified":"2022-11-03T11:52:44","modified_gmt":"2022-11-03T10:52:44","slug":"ueber-uns-2","status":"publish","type":"page","link":"https:\/\/lehners-barbian.de\/?page_id=43","title":{"rendered":"\u00dcber Uns"},"content":{"rendered":"\n<h6 class=\"has-text-align-center has-medium-font-size wp-block-heading\">Mit unserer Erfahrung k\u00f6nnen wir auch unkonventionell bauen<\/h6>\n\n\n\n<p class=\"has-text-align-center\">Unsere Aufgabe ist es, die Ideen, W\u00fcnsche und M\u00f6glichkeiten unseres Bauherren zu erkennen und zu formulieren. Dabei ist es unser\u00a0Ziel, durch die B\u00fcndelung unterschiedlicher Fachkompetenzen dem Bauherren optimale Ergebnisse zu pr\u00e4sentieren. Das vorgegebene Budget, der Zeitrahmen und die Realisierbarkeit einzelner Komponenten\u00a0sind daher die Grundlage all unserer \u00dcberlegungen. Energetische Betrachtung, \u00f6kologische Gesichtspunkte wie auch die grunds\u00e4tzliche Nachhaltigkeit sind bei unseren Projekten selbstverst\u00e4ndlich. Unsere gro\u00dfe Erfahrung im Planungsprozess, im Umgang mit \u00c4mtern und Beh\u00f6rden wie auch mit den am Bau beteiligten Firmen, Handwerkern und Fachplanern\u00a0l\u00e4sst uns im Sinne des Bauherrn eine bestm\u00f6gliche Realisierung erreichen.<\/p>\n","protected":false},"excerpt":{"rendered":"<p>Mit unserer Erfahrung k\u00f6nnen wir auch unkonventionell bauen Unsere Aufgabe ist es, die Ideen, W\u00fcnsche und M\u00f6glichkeiten unseres Bauherren zu erkennen und zu formulieren. Dabei ist es unser\u00a0Ziel, durch die B\u00fcndelung unterschiedlicher Fachkompetenzen dem Bauherren optimale Ergebnisse zu pr\u00e4sentieren. Das vorgegebene Budget, der Zeitrahmen und die Realisierbarkeit einzelner Komponenten\u00a0sind daher die Grundlage all unserer \u00dcberlegungen. &hellip; <\/p>\n<p class=\"link-more\"><a href=\"https:\/\/lehners-barbian.de\/?page_id=43\" class=\"more-link\">Mehr <span class=\"screen-reader-text\">\u00fcber &#8222;\u00dcber Uns&#8220; <\/span>Lesen<\/a><\/p>\n","protected":false},"author":2,"featured_media":0,"parent":0,"menu_order":0,"comment_status":"closed","ping_status":"closed","template":"","meta":{"footnotes":""},"class_list":["post-43","page","type-page","status-publish","hentry"],"_links":{"self":[{"href":"https:\/\/lehners-barbian.de\/index.php?rest_route=\/wp\/v2\/pages\/43","targetHints":{"allow":["GET"]}}],"collection":[{"href":"https:\/\/lehners-barbian.de\/index.php?rest_route=\/wp\/v2\/pages"}],"about":[{"href":"https:\/\/lehners-barbian.de\/index.php?rest_route=\/wp\/v2\/types\/page"}],"author":[{"embeddable":true,"href":"https:\/\/lehners-barbian.de\/index.php?rest_route=\/wp\/v2\/users\/2"}],"replies":[{"embeddable":true,"href":"https:\/\/lehners-barbian.de\/index.php?rest_route=%2Fwp%2Fv2%2Fcomments&post=43"}],"version-history":[{"count":5,"href":"https:\/\/lehners-barbian.de\/index.php?rest_route=\/wp\/v2\/pages\/43\/revisions"}],"predecessor-version":[{"id":865,"href":"https:\/\/lehners-barbian.de\/index.php?rest_route=\/wp\/v2\/pages\/43\/revisions\/865"}],"wp:attachment":[{"href":"https:\/\/lehners-barbian.de\/index.php?rest_route=%2Fwp%2Fv2%2Fmedia&parent=43"}],"curies":[{"name":"wp","href":"https:\/\/api.w.org\/{rel}","templated":true}]}}