{"id":334,"date":"2022-08-04T10:41:18","date_gmt":"2022-08-04T08:41:18","guid":{"rendered":"https:\/\/lehners-barbian.de\/?page_id=334"},"modified":"2024-11-18T09:58:27","modified_gmt":"2024-11-18T08:58:27","slug":"mehrfamilienwohnhaeuser-energetische-sanierung-st-ingberter-strasse-saarbruecken","status":"publish","type":"page","link":"https:\/\/lehners-barbian.de\/?page_id=334","title":{"rendered":""},"content":{"rendered":"\n<div class=\"wp-block-cover alignfull is-light has-custom-content-position is-position-bottom-left\" style=\"min-height:1099px;aspect-ratio:unset;\"><span aria-hidden=\"true\" class=\"wp-block-cover__background has-background-dim-20 has-background-dim\" style=\"background-color:#777d86\"><\/span><img loading=\"lazy\" decoding=\"async\" width=\"640\" height=\"480\" class=\"wp-block-cover__image-background wp-image-299\" alt=\"\" src=\"https:\/\/lehners-barbian.de\/wp-content\/uploads\/2022\/07\/hinten_nachher_klein.jpg\" data-object-fit=\"cover\" srcset=\"https:\/\/lehners-barbian.de\/wp-content\/uploads\/2022\/07\/hinten_nachher_klein.jpg 640w, https:\/\/lehners-barbian.de\/wp-content\/uploads\/2022\/07\/hinten_nachher_klein-300x225.jpg 300w\" sizes=\"auto, (max-width: 640px) 100vw, 640px\" \/><div class=\"wp-block-cover__inner-container is-layout-flow wp-block-cover-is-layout-flow\">\n<div style=\"height:71px\" aria-hidden=\"true\" class=\"wp-block-spacer\"><\/div>\n\n\n\n<div class=\"wp-block-buttons is-content-justification-center is-layout-flex wp-container-core-buttons-is-layout-a89b3969 wp-block-buttons-is-layout-flex\"><\/div>\n\n\n\n<p class=\"has-text-align-left has-white-color has-text-color\" style=\"font-size:clamp(37.821px, 2.364rem + ((1vw - 3.2px) * 3.352), 70px);font-style:normal;font-weight:900\"><strong>Mehrfamilienwohnh\u00e4user<\/strong><\/p>\n\n\n\n<p class=\"has-text-align-left has-white-color has-text-color has-medium-font-size\" style=\"letter-spacing:1px\">Saarbr\u00fccken &#8211; Sanierung von Mehrfamilienh\u00e4usern<\/p>\n<\/div><\/div>\n\n\n\n<div class=\"wp-block-columns is-layout-flex wp-container-core-columns-is-layout-28f84493 wp-block-columns-is-layout-flex\">\n<div class=\"wp-block-column is-layout-flow wp-block-column-is-layout-flow\">\n<h2 class=\"wp-block-heading has-text-color has-link-color has-small-font-size wp-elements-4787029ce7a4f53869279a6d89c827ec\" style=\"color:#56a3d3;margin-top:0;margin-right:0;margin-bottom:0;margin-left:0;padding-top:0;padding-right:0;padding-bottom:0;padding-left:0;font-style:normal;font-weight:300\">Energetische Sanierung<\/h2>\n\n\n\n<p class=\"has-large-font-size\" style=\"font-style:normal;font-weight:300\">Mehrfamilienwohnh\u00e4user &#8211; <\/p>\n\n\n\n<p class=\"has-large-font-size\" style=\"font-style:normal;font-weight:300\">St. Ingberter Stra\u00dfe<\/p>\n<\/div>\n\n\n\n<div class=\"wp-block-column is-layout-flow wp-block-column-is-layout-flow\">\n<p class=\"has-text-align-left\" style=\"font-style:normal;font-weight:200\">Seit 2018 wurden die Mehrfamilienwohnh\u00e4user in der St.-Ingberter-Stra\u00dfe in Saarbr\u00fccken im Auftrag der WOGE Saar mbH energetisch saniert. Die Sanierung erfolgte in zwei Bauabschnitten und umfasste folgende Arbeiten:<\/p>\n\n\n\n<p class=\"has-text-align-left\" style=\"font-style:normal;font-weight:200\">D\u00e4mmung von Dach, Au\u00dfenwand und Kellerdecke, Austausch von Fenstern, T\u00fcren und Treppenhausverglasungen sowie neue Balkonkonstruktionen.<\/p>\n\n\n\n<div class=\"wp-block-group has-global-padding is-layout-constrained wp-block-group-is-layout-constrained\">\n<p class=\"has-text-align-left has-text-color has-link-color wp-elements-d48118c1c20eab6004f019e1b8d23a62\" style=\"color:#56a3d3;font-style:normal;font-weight:300\">Projekt: Energetische Sanierung <br>Standort: Saarbr\u00fccken<br>Bruttogrundfl\u00e4che: 305m\u00b2 pro Doppelhaus<br>Baubeginn:\u00a02018<br>Fertigstellung:\u00a02020<br>Status: Fertiggestellt<\/p>\n<\/div>\n<\/div>\n<\/div>\n\n\n<div id=\"metaslider-id-1222\" style=\"width: 100%;\" class=\"ml-slider-3-98-0 metaslider metaslider-flex metaslider-1222 ml-slider ms-theme-default-base has-dots-nav\" role=\"region\" aria-roledescription=\"Slideshow\" aria-label=\"Mehrfamilienwohnh\u00e4user\" data-width=\"700\">\n    <div id=\"metaslider_container_1222\">\n        <div id=\"metaslider_1222\">\n            <ul class='slides'>\n                <li style=\"display: block; width: 100%;\" class=\"slide-1223 ms-image \" aria-roledescription=\"slide\" aria-label=\"slide-1223\" data-date=\"2024-11-18 09:35:51\"><img loading=\"lazy\" decoding=\"async\" src=\"https:\/\/lehners-barbian.de\/wp-content\/uploads\/2022\/08\/110-114vorne_vorher_klein-640x457.jpg\" height=\"500\" width=\"700\" alt=\"\" class=\"slider-1222 slide-1223\" title=\"110-114vorne_vorher_klein\" \/><\/li>\n                <li style=\"display: none; width: 100%;\" class=\"slide-1224 ms-image \" aria-roledescription=\"slide\" aria-label=\"slide-1224\" data-date=\"2024-11-18 09:36:13\"><img loading=\"lazy\" decoding=\"async\" src=\"https:\/\/lehners-barbian.de\/wp-content\/uploads\/2022\/08\/110-114_hinten_vorher_klein-640x457.jpg\" height=\"500\" width=\"700\" alt=\"\" class=\"slider-1222 slide-1224\" title=\"110-114_hinten_vorher_klein\" \/><\/li>\n                <li style=\"display: none; width: 100%;\" class=\"slide-1225 ms-image \" aria-roledescription=\"slide\" aria-label=\"slide-1225\" data-date=\"2024-11-18 09:36:21\"><img loading=\"lazy\" decoding=\"async\" src=\"https:\/\/lehners-barbian.de\/wp-content\/uploads\/2022\/08\/vorne_nachher_klein-640x457.jpg\" height=\"500\" width=\"700\" alt=\"\" class=\"slider-1222 slide-1225\" title=\"vorne_nachher_klein\" \/><\/li>\n                <li style=\"display: none; width: 100%;\" class=\"slide-1226 ms-image \" aria-roledescription=\"slide\" aria-label=\"slide-1226\" data-date=\"2024-11-18 09:36:42\"><img loading=\"lazy\" decoding=\"async\" src=\"https:\/\/lehners-barbian.de\/wp-content\/uploads\/2022\/07\/hinten_nachher_klein-640x457.jpg\" height=\"500\" width=\"700\" alt=\"\" class=\"slider-1222 slide-1226\" title=\"hinten_nachher_klein\" \/><\/li>\n                <li style=\"display: none; width: 100%;\" class=\"slide-1288 ms-image \" aria-roledescription=\"slide\" aria-label=\"slide-1288\" data-date=\"2024-11-18 12:57:13\"><img loading=\"lazy\" decoding=\"async\" src=\"https:\/\/lehners-barbian.de\/wp-content\/uploads\/2024\/11\/20240229_163428_resized-700x500.jpg\" height=\"500\" width=\"700\" alt=\"\" class=\"slider-1222 slide-1288\" title=\"20240229_163428_resized\" \/><\/li>\n                <li style=\"display: none; width: 100%;\" class=\"slide-1289 ms-image \" aria-roledescription=\"slide\" aria-label=\"slide-1289\" data-date=\"2024-11-18 12:57:13\"><img loading=\"lazy\" decoding=\"async\" src=\"https:\/\/lehners-barbian.de\/wp-content\/uploads\/2024\/11\/20240229_163606_resized-700x500.jpg\" height=\"500\" width=\"700\" alt=\"\" class=\"slider-1222 slide-1289\" title=\"20240229_163606_resized\" \/><\/li>\n                <li style=\"display: none; width: 100%;\" class=\"slide-1290 ms-image \" aria-roledescription=\"slide\" aria-label=\"slide-1290\" data-date=\"2024-11-18 12:57:13\"><img loading=\"lazy\" decoding=\"async\" src=\"https:\/\/lehners-barbian.de\/wp-content\/uploads\/2024\/11\/20240229_164231_resized-700x500.jpg\" height=\"500\" width=\"700\" alt=\"\" class=\"slider-1222 slide-1290\" title=\"20240229_164231_resized\" \/><\/li>\n                <li style=\"display: none; width: 100%;\" class=\"slide-1291 ms-image \" aria-roledescription=\"slide\" aria-label=\"slide-1291\" data-date=\"2024-11-18 12:57:14\"><img loading=\"lazy\" decoding=\"async\" src=\"https:\/\/lehners-barbian.de\/wp-content\/uploads\/2024\/11\/20240229_164240_resized-700x500.jpg\" height=\"500\" width=\"700\" alt=\"\" class=\"slider-1222 slide-1291\" title=\"20240229_164240_resized\" \/><\/li>\n            <\/ul>\n        <\/div>\n        \n    <\/div>\n<\/div>\n\n\n\n<p><a href=\"https:\/\/lehners-barbian.de\/?page_id=10\">Zur\u00fcck zu den Projekten<\/a><\/p>\n","protected":false},"excerpt":{"rendered":"<p>Energetische Sanierung Mehrfamilienwohnh\u00e4user &#8211; St. Ingberter Stra\u00dfe Seit 2018 wurden die Mehrfamilienwohnh\u00e4user in der St.-Ingberter-Stra\u00dfe in Saarbr\u00fccken im Auftrag der WOGE Saar mbH energetisch saniert. Die Sanierung erfolgte in zwei Bauabschnitten und umfasste folgende Arbeiten: D\u00e4mmung von Dach, Au\u00dfenwand und Kellerdecke, Austausch von Fenstern, T\u00fcren und Treppenhausverglasungen sowie neue Balkonkonstruktionen. Projekt: Energetische Sanierung Standort: Saarbr\u00fcckenBruttogrundfl\u00e4che: &hellip; <\/p>\n<p class=\"link-more\"><a href=\"https:\/\/lehners-barbian.de\/?page_id=334\" class=\"more-link\">Mehr <span class=\"screen-reader-text\">\u00fcber &#8222;&#8220; <\/span>Lesen<\/a><\/p>\n","protected":false},"author":2,"featured_media":0,"parent":0,"menu_order":0,"comment_status":"closed","ping_status":"closed","template":"","meta":{"footnotes":""},"class_list":["post-334","page","type-page","status-publish","hentry"],"_links":{"self":[{"href":"https:\/\/lehners-barbian.de\/index.php?rest_route=\/wp\/v2\/pages\/334","targetHints":{"allow":["GET"]}}],"collection":[{"href":"https:\/\/lehners-barbian.de\/index.php?rest_route=\/wp\/v2\/pages"}],"about":[{"href":"https:\/\/lehners-barbian.de\/index.php?rest_route=\/wp\/v2\/types\/page"}],"author":[{"embeddable":true,"href":"https:\/\/lehners-barbian.de\/index.php?rest_route=\/wp\/v2\/users\/2"}],"replies":[{"embeddable":true,"href":"https:\/\/lehners-barbian.de\/index.php?rest_route=%2Fwp%2Fv2%2Fcomments&post=334"}],"version-history":[{"count":10,"href":"https:\/\/lehners-barbian.de\/index.php?rest_route=\/wp\/v2\/pages\/334\/revisions"}],"predecessor-version":[{"id":1233,"href":"https:\/\/lehners-barbian.de\/index.php?rest_route=\/wp\/v2\/pages\/334\/revisions\/1233"}],"wp:attachment":[{"href":"https:\/\/lehners-barbian.de\/index.php?rest_route=%2Fwp%2Fv2%2Fmedia&parent=334"}],"curies":[{"name":"wp","href":"https:\/\/api.w.org\/{rel}","templated":true}]}}