{"id":266,"date":"2022-07-26T12:57:13","date_gmt":"2022-07-26T10:57:13","guid":{"rendered":"https:\/\/lehners-barbian.de\/?page_id=266"},"modified":"2022-10-20T14:56:10","modified_gmt":"2022-10-20T12:56:10","slug":"energieberatung","status":"publish","type":"page","link":"https:\/\/lehners-barbian.de\/?page_id=266","title":{"rendered":"Energieberatung"},"content":{"rendered":"\n<div class=\"wp-block-columns is-layout-flex wp-container-core-columns-is-layout-28f84493 wp-block-columns-is-layout-flex\">\n<div class=\"wp-block-column is-layout-flow wp-block-column-is-layout-flow\" style=\"flex-basis:66.66%\">\n<p>Der Energieausweis ist f\u00fcr Wohnbauten in Deutschland bei Verkauf, Vermietung oder Verpachtung Pflicht. In \u00f6ffentlichen Geb\u00e4uden besteht die Pflicht den Ausweis auszuh\u00e4ngen.<br>Er informiert \u00fcber den Energieverbrauch einer Immobilie. Damit soll es Mietern und Hausk\u00e4ufern erm\u00f6glicht werden, den Energiebedarf eines Geb\u00e4udes auf den ersten Blick zu erkennen, um&nbsp;die Nebenkosten realistisch einsch\u00e4tzen zu k\u00f6nnen. Dem Hauseigent\u00fcmer zeigt der Energiepass welche Sanierungsma\u00dfnahmen Priorit\u00e4t haben und sinnvoll sind, ohne den Zwang diese durchf\u00fchren zu m\u00fcssen.<\/p>\n\n\n\n<p>Wir erstellen f\u00fcr Ihr Wohngeb\u00e4ude<\/p>\n\n\n\n<ul class=\"wp-block-list\"><li>den Verbrauchsausweis<\/li><li>den Bedarfsausweis<\/li><li>Modernisierungsvorschl\u00e4ge<\/li><\/ul>\n\n\n\n<p><a href=\"https:\/\/lehners-barbian.de\/?page_id=260\">zur\u00fcck zur \u00dcbersicht<\/a><\/p>\n\n\n\n<p><\/p>\n\n\n\n<p><\/p>\n<\/div>\n\n\n\n<div class=\"wp-block-column is-layout-flow wp-block-column-is-layout-flow\" style=\"flex-basis:33.33%\">\n<figure class=\"wp-block-image size-large\"><img loading=\"lazy\" decoding=\"async\" width=\"1024\" height=\"983\" src=\"https:\/\/lehners-barbian.de\/wp-content\/uploads\/2022\/05\/heizung_wissen_energetische-sanierung_-1024x983.jpg\" alt=\"\" class=\"wp-image-91\" srcset=\"https:\/\/lehners-barbian.de\/wp-content\/uploads\/2022\/05\/heizung_wissen_energetische-sanierung_-1024x983.jpg 1024w, https:\/\/lehners-barbian.de\/wp-content\/uploads\/2022\/05\/heizung_wissen_energetische-sanierung_-300x288.jpg 300w, https:\/\/lehners-barbian.de\/wp-content\/uploads\/2022\/05\/heizung_wissen_energetische-sanierung_-768x737.jpg 768w, https:\/\/lehners-barbian.de\/wp-content\/uploads\/2022\/05\/heizung_wissen_energetische-sanierung_.jpg 1407w\" sizes=\"auto, (max-width: 1024px) 100vw, 1024px\" \/><\/figure>\n<\/div>\n<\/div>\n","protected":false},"excerpt":{"rendered":"<p>Der Energieausweis ist f\u00fcr Wohnbauten in Deutschland bei Verkauf, Vermietung oder Verpachtung Pflicht. In \u00f6ffentlichen Geb\u00e4uden besteht die Pflicht den Ausweis auszuh\u00e4ngen.Er informiert \u00fcber den Energieverbrauch einer Immobilie. Damit soll es Mietern und Hausk\u00e4ufern erm\u00f6glicht werden, den Energiebedarf eines Geb\u00e4udes auf den ersten Blick zu erkennen, um&nbsp;die Nebenkosten realistisch einsch\u00e4tzen zu k\u00f6nnen. Dem Hauseigent\u00fcmer zeigt &hellip; <\/p>\n<p class=\"link-more\"><a href=\"https:\/\/lehners-barbian.de\/?page_id=266\" class=\"more-link\">Mehr <span class=\"screen-reader-text\">\u00fcber &#8222;Energieberatung&#8220; <\/span>Lesen<\/a><\/p>\n","protected":false},"author":2,"featured_media":0,"parent":0,"menu_order":0,"comment_status":"closed","ping_status":"closed","template":"","meta":{"footnotes":""},"class_list":["post-266","page","type-page","status-publish","hentry"],"_links":{"self":[{"href":"https:\/\/lehners-barbian.de\/index.php?rest_route=\/wp\/v2\/pages\/266","targetHints":{"allow":["GET"]}}],"collection":[{"href":"https:\/\/lehners-barbian.de\/index.php?rest_route=\/wp\/v2\/pages"}],"about":[{"href":"https:\/\/lehners-barbian.de\/index.php?rest_route=\/wp\/v2\/types\/page"}],"author":[{"embeddable":true,"href":"https:\/\/lehners-barbian.de\/index.php?rest_route=\/wp\/v2\/users\/2"}],"replies":[{"embeddable":true,"href":"https:\/\/lehners-barbian.de\/index.php?rest_route=%2Fwp%2Fv2%2Fcomments&post=266"}],"version-history":[{"count":6,"href":"https:\/\/lehners-barbian.de\/index.php?rest_route=\/wp\/v2\/pages\/266\/revisions"}],"predecessor-version":[{"id":854,"href":"https:\/\/lehners-barbian.de\/index.php?rest_route=\/wp\/v2\/pages\/266\/revisions\/854"}],"wp:attachment":[{"href":"https:\/\/lehners-barbian.de\/index.php?rest_route=%2Fwp%2Fv2%2Fmedia&parent=266"}],"curies":[{"name":"wp","href":"https:\/\/api.w.org\/{rel}","templated":true}]}}