{"id":248,"date":"2022-07-15T16:04:52","date_gmt":"2022-07-15T14:04:52","guid":{"rendered":"https:\/\/lehners-barbian.de\/?page_id=248"},"modified":"2023-11-22T13:30:07","modified_gmt":"2023-11-22T12:30:07","slug":"impressum","status":"publish","type":"page","link":"https:\/\/lehners-barbian.de\/?page_id=248","title":{"rendered":"Impressum"},"content":{"rendered":"\n<p>Angaben nach dem Telemediengesetz (TMG) \u00a7 5<br><br><strong>Name:<\/strong><br>Dipl.-Geol. Lukas Lehners<br>Dipl.-Ing. (FH) Janine Barbian<br>Beratender Ingenieur &amp; Architektin PartGmbB Lehners und Barbian<br>PartGmbB PR 36, Amtsgericht Saarbr\u00fccken<br><br><strong>Anschrift:<\/strong><br>Rastpfuhlcarr\u00e9e<br>Rastpfuhl 1<br>66113 Saarbr\u00fccken<br><br><strong>Telefon:<\/strong> +49 681 94882-0<br><strong>Fax:<\/strong> +49 681 94882-20<br><strong>E-Mail: <\/strong><a href=\"javascript:linkTo_UnCryptMailto('thpsav1pumvGsloulyz4ihyiphu5kl');\">info(at)lehners-barbian.de<\/a><br><br><strong>Ust.-Id.-Nr.:<\/strong><br>DE 205942660 bei FA Saarbr\u00fccken<br><br><strong>Berufsbezeichnung:<\/strong><br>Architektin (Deutschland)<br>Eingetragen in die Architektenkammer Saarland<br>Nummer: F-995<br><br><strong>Kammer:<\/strong><br>Architektenkammer des Saarlandes<br>Neumarkt 11, 66117 Saarbr\u00fccken<\/p>\n\n\n\n<p><strong>Berufsrechtl. Regelung:<\/strong><br><a href=\"http:\/\/sl.juris.de\/cgi-bin\/landesrecht.py?d=http:\/\/sl.juris.de\/sl\/gesamt\/ArchG_SL_2004.htm#ArchG_SL_2004_rahmen\" target=\"_blank\" rel=\"noreferrer noopener\">Saarl\u00e4ndisches Architekten- und Ingenieurkammergesetz in der Fassung von 2004<\/a><br><a href=\"http:\/\/www.aksaarland.de\/index.php?id=119\" target=\"_blank\" rel=\"noreferrer noopener\">Satzung der Architektenkammer des Saarlandes<\/a><br><a href=\"http:\/\/www.aksaarland.de\/index.php?id=119\" target=\"_blank\" rel=\"noreferrer noopener\">Berufsordnung der Architektenkammer<\/a><br><a href=\"http:\/\/www.hoai.de\/online\/HOAI_2009\/HOAI_2009.php\" target=\"_blank\" rel=\"noreferrer noopener\">Honorarordnung f\u00fcr Architekten und Ingenieure &#8211; HOAI<\/a><\/p>\n\n\n\n<h3 class=\"wp-block-heading\">Verantwortlich f\u00fcr Layout und Inhalte der Website<\/h3>\n\n\n\n<p>Lehners und Barbian I Architekten und Ingenieure<\/p>\n\n\n\n<p>Ansprechpartner:\u00a0Janine Barbian<\/p>\n\n\n\n<p>Rastpfuhl&nbsp;1, 66113 Saarbr\u00fccken<br>Telefon: +49 681 94882-0<\/p>\n\n\n\n<p><a href=\"janine.barbian@lehners-barbian.de\">Janine.barbian(at)lehners-barbian.de<\/a><\/p>\n\n\n\n<h2 class=\"wp-block-heading\">Haftungsausschlu\u00df<\/h2>\n\n\n\n<p>Lehners und Barbian \u00fcbernehmen keinerlei Gew\u00e4hr f\u00fcr die bereitgestellten Informationen. Haftungsanspr\u00fcche gegen die Architekten und Ingenieure, welche sich auf Sch\u00e4den materieller oder ideeller Art beziehen, die durch die Nutzung oder Nichtnutzung der dargebotenen Informationen bzw. durch die Nutzung fehlerhafter und unvollst\u00e4ndiger Informationen verursacht wurden, sind grunds\u00e4tzlich ausgeschlossen, sofern seitens Lehners und Barbian kein nachweislich vors\u00e4tzliches oder grob fahrl\u00e4ssiges Verschulden vorliegt.<br>Lehners und Barbian beh\u00e4lt es sich ausdr\u00fccklich vor, Teile der Seiten oder das gesamte Angebot ohne gesonderte Ank\u00fcndigung zu ver\u00e4ndern, zu erg\u00e4nzen, zu l\u00f6schen oder die Ver\u00f6ffentlichung zeitweise oder endg\u00fcltig einzustellen.<\/p>\n\n\n\n<p>Die Website enth\u00e4lt externe Links zu Websites Dritter. Diese unterliegen der Haftung der jeweiligen Betreiber. Lehners und Barbian hat bei der erstmaligen Verkn\u00fcpfung der externen Links die fremden Inhalte auf Rechtsverst\u00f6\u00dfe gepr\u00fcft. Zu diesem zeitpunkt waren keine Rechtsverst\u00f6\u00dfe ersichtlich. Lehners und Barbian hat keinen Einfluss auf die aktuelle und zuk\u00fcnftige Gestaltung und Inhalte der verlinkten Seiten.<\/p>\n","protected":false},"excerpt":{"rendered":"<p>Angaben nach dem Telemediengesetz (TMG) \u00a7 5 Name:Dipl.-Geol. Lukas LehnersDipl.-Ing. (FH) Janine BarbianBeratender Ingenieur &amp; Architektin PartGmbB Lehners und BarbianPartGmbB PR 36, Amtsgericht Saarbr\u00fccken Anschrift:Rastpfuhlcarr\u00e9eRastpfuhl 166113 Saarbr\u00fccken Telefon: +49 681 94882-0Fax: +49 681 94882-20E-Mail: info(at)lehners-barbian.de Ust.-Id.-Nr.:DE 205942660 bei FA Saarbr\u00fccken Berufsbezeichnung:Architektin (Deutschland)Eingetragen in die Architektenkammer SaarlandNummer: F-995 Kammer:Architektenkammer des SaarlandesNeumarkt 11, 66117 Saarbr\u00fccken Berufsrechtl. Regelung:Saarl\u00e4ndisches &hellip; <\/p>\n<p class=\"link-more\"><a href=\"https:\/\/lehners-barbian.de\/?page_id=248\" class=\"more-link\">Mehr <span class=\"screen-reader-text\">\u00fcber &#8222;Impressum&#8220; <\/span>Lesen<\/a><\/p>\n","protected":false},"author":2,"featured_media":0,"parent":0,"menu_order":0,"comment_status":"closed","ping_status":"closed","template":"","meta":{"footnotes":""},"class_list":["post-248","page","type-page","status-publish","hentry"],"_links":{"self":[{"href":"https:\/\/lehners-barbian.de\/index.php?rest_route=\/wp\/v2\/pages\/248","targetHints":{"allow":["GET"]}}],"collection":[{"href":"https:\/\/lehners-barbian.de\/index.php?rest_route=\/wp\/v2\/pages"}],"about":[{"href":"https:\/\/lehners-barbian.de\/index.php?rest_route=\/wp\/v2\/types\/page"}],"author":[{"embeddable":true,"href":"https:\/\/lehners-barbian.de\/index.php?rest_route=\/wp\/v2\/users\/2"}],"replies":[{"embeddable":true,"href":"https:\/\/lehners-barbian.de\/index.php?rest_route=%2Fwp%2Fv2%2Fcomments&post=248"}],"version-history":[{"count":4,"href":"https:\/\/lehners-barbian.de\/index.php?rest_route=\/wp\/v2\/pages\/248\/revisions"}],"predecessor-version":[{"id":985,"href":"https:\/\/lehners-barbian.de\/index.php?rest_route=\/wp\/v2\/pages\/248\/revisions\/985"}],"wp:attachment":[{"href":"https:\/\/lehners-barbian.de\/index.php?rest_route=%2Fwp%2Fv2%2Fmedia&parent=248"}],"curies":[{"name":"wp","href":"https:\/\/api.w.org\/{rel}","templated":true}]}}