{"id":195,"date":"2022-05-19T15:25:03","date_gmt":"2022-05-19T13:25:03","guid":{"rendered":"https:\/\/lehners-barbian.de\/?page_id=195"},"modified":"2022-05-19T15:25:03","modified_gmt":"2022-05-19T13:25:03","slug":"qualitaetskontrolle","status":"publish","type":"page","link":"https:\/\/lehners-barbian.de\/?page_id=195","title":{"rendered":"Qualit\u00e4tskontrolle"},"content":{"rendered":"\n<div class=\"wp-block-columns is-layout-flex wp-container-core-columns-is-layout-28f84493 wp-block-columns-is-layout-flex\">\n<div class=\"wp-block-column is-layout-flow wp-block-column-is-layout-flow\" style=\"flex-basis:66.66%\">\n<ul class=\"wp-block-list\"><li>Einsatz speziell qualifizierten Fachpersonals in Planung und Bauleitung<\/li><li>Entwicklung objektspezifischer Materialapplikationen und Verfahrenstechniken in der Detailplanung und Ausschreibung<\/li><li>Auswahl und Pr\u00fcfung von Fachfirmen im Rahmen von Vergabeverfahren<\/li><li>Mess- und labortechnische Kontrollpr\u00fcfungen w\u00e4hrend der Ausf\u00fchrung<\/li><\/ul>\n<\/div>\n\n\n\n<div class=\"wp-block-column is-layout-flow wp-block-column-is-layout-flow\" style=\"flex-basis:33.33%\"><\/div>\n<\/div>\n","protected":false},"excerpt":{"rendered":"<p>Einsatz speziell qualifizierten Fachpersonals in Planung und Bauleitung Entwicklung objektspezifischer Materialapplikationen und Verfahrenstechniken in der Detailplanung und Ausschreibung Auswahl und Pr\u00fcfung von Fachfirmen im Rahmen von Vergabeverfahren Mess- und labortechnische Kontrollpr\u00fcfungen w\u00e4hrend der Ausf\u00fchrung<\/p>\n","protected":false},"author":2,"featured_media":0,"parent":0,"menu_order":0,"comment_status":"closed","ping_status":"closed","template":"","meta":{"footnotes":""},"class_list":["post-195","page","type-page","status-publish","hentry"],"_links":{"self":[{"href":"https:\/\/lehners-barbian.de\/index.php?rest_route=\/wp\/v2\/pages\/195","targetHints":{"allow":["GET"]}}],"collection":[{"href":"https:\/\/lehners-barbian.de\/index.php?rest_route=\/wp\/v2\/pages"}],"about":[{"href":"https:\/\/lehners-barbian.de\/index.php?rest_route=\/wp\/v2\/types\/page"}],"author":[{"embeddable":true,"href":"https:\/\/lehners-barbian.de\/index.php?rest_route=\/wp\/v2\/users\/2"}],"replies":[{"embeddable":true,"href":"https:\/\/lehners-barbian.de\/index.php?rest_route=%2Fwp%2Fv2%2Fcomments&post=195"}],"version-history":[{"count":1,"href":"https:\/\/lehners-barbian.de\/index.php?rest_route=\/wp\/v2\/pages\/195\/revisions"}],"predecessor-version":[{"id":196,"href":"https:\/\/lehners-barbian.de\/index.php?rest_route=\/wp\/v2\/pages\/195\/revisions\/196"}],"wp:attachment":[{"href":"https:\/\/lehners-barbian.de\/index.php?rest_route=%2Fwp%2Fv2%2Fmedia&parent=195"}],"curies":[{"name":"wp","href":"https:\/\/api.w.org\/{rel}","templated":true}]}}