{"id":191,"date":"2022-05-19T15:18:32","date_gmt":"2022-05-19T13:18:32","guid":{"rendered":"https:\/\/lehners-barbian.de\/?page_id=191"},"modified":"2022-10-20T14:58:07","modified_gmt":"2022-10-20T12:58:07","slug":"vgv-wettbewerbe","status":"publish","type":"page","link":"https:\/\/lehners-barbian.de\/?page_id=191","title":{"rendered":"VgV &#038; Wettbewerbe"},"content":{"rendered":"\n<h1 class=\"has-medium-font-size wp-block-heading\">Verfahrensbetreuung<\/h1>\n\n\n\n<p>In der Organisations- oder Vorbereitungsphase eines Projektes ist oftmals die Vorbereitung, Durchf\u00fchrung und Betreuung eines VgV-Verfahrens (Verordnung \u00fcber die Vergabe \u00f6ffentlicher Auftr\u00e4ge) notwendig.<\/p>\n\n\n\n<ul class=\"wp-block-list\"><li>\u00dcberpr\u00fcfung des Auftragswertes in Bezug auf den aktuellen Schwellenwert<\/li><li>Zusammenstellung \/ Erstellung der vergaberelevanten Unterlagen<\/li><li>Unterst\u00fctzung bei der Auswahl geeigneter Eignungs- und Zuschlagskriterien<\/li><li>Ver\u00f6ffentlichung der Bekanntmachungen<\/li><li>Kommunikation mit Bewerbern \/ Bietern<\/li><li>Vorbereitung und Organisation der Verhandlungsgespr\u00e4che<\/li><li>Laufende Dokumentation des Verfahrens<\/li><\/ul>\n\n\n\n<div class=\"wp-block-columns is-layout-flex wp-container-core-columns-is-layout-28f84493 wp-block-columns-is-layout-flex\">\n<div class=\"wp-block-column is-layout-flow wp-block-column-is-layout-flow\" style=\"flex-basis:66.66%\">\n<h1 class=\"has-medium-font-size wp-block-heading\">Wettbewerbsbegleitung<\/h1>\n\n\n\n<p>Die Qualit\u00e4t einer Planung ist oft erst im direkten Verleich feststellbar. Je gr\u00f6\u00dfer die Konkurrenz ist, desto mehr L\u00f6sungsvorschl\u00e4ge hat der Bauherr als Grundlage f\u00fcr seine Entscheidung und desto sicherer kann er sich in der Beurteilung der Qualit\u00e4t sein.<\/p>\n\n\n\n<h3 class=\"wp-block-heading\">Wir&nbsp;begleiten Sie, als Auslober, w\u00e4hrend der gesamten Wettbewerbsarbeit:<\/h3>\n\n\n\n<ul class=\"wp-block-list\"><li>Erstellung von Wettbewerbsunterlagen<\/li><li>Pr\u00fcfen der eingehenden Bewerbungen<\/li><li>Betreuung des Wettbewerbs<\/li><li>Beratung der Jury<\/li><\/ul>\n<\/div>\n\n\n\n<div class=\"wp-block-column is-layout-flow wp-block-column-is-layout-flow\" style=\"flex-basis:33.33%\">\n<figure class=\"wp-block-image size-large\"><img loading=\"lazy\" decoding=\"async\" width=\"1024\" height=\"1024\" src=\"https:\/\/lehners-barbian.de\/wp-content\/uploads\/2022\/09\/model-freigestellt-2-1024x1024.jpg\" alt=\"\" class=\"wp-image-606\" srcset=\"https:\/\/lehners-barbian.de\/wp-content\/uploads\/2022\/09\/model-freigestellt-2-1024x1024.jpg 1024w, https:\/\/lehners-barbian.de\/wp-content\/uploads\/2022\/09\/model-freigestellt-2-300x300.jpg 300w, https:\/\/lehners-barbian.de\/wp-content\/uploads\/2022\/09\/model-freigestellt-2-150x150.jpg 150w, https:\/\/lehners-barbian.de\/wp-content\/uploads\/2022\/09\/model-freigestellt-2-768x768.jpg 768w, https:\/\/lehners-barbian.de\/wp-content\/uploads\/2022\/09\/model-freigestellt-2-1536x1536.jpg 1536w, https:\/\/lehners-barbian.de\/wp-content\/uploads\/2022\/09\/model-freigestellt-2.jpg 1951w\" sizes=\"auto, (max-width: 1024px) 100vw, 1024px\" \/><\/figure>\n<\/div>\n<\/div>\n","protected":false},"excerpt":{"rendered":"<p>Verfahrensbetreuung In der Organisations- oder Vorbereitungsphase eines Projektes ist oftmals die Vorbereitung, Durchf\u00fchrung und Betreuung eines VgV-Verfahrens (Verordnung \u00fcber die Vergabe \u00f6ffentlicher Auftr\u00e4ge) notwendig. \u00dcberpr\u00fcfung des Auftragswertes in Bezug auf den aktuellen Schwellenwert Zusammenstellung \/ Erstellung der vergaberelevanten Unterlagen Unterst\u00fctzung bei der Auswahl geeigneter Eignungs- und Zuschlagskriterien Ver\u00f6ffentlichung der Bekanntmachungen Kommunikation mit Bewerbern \/ Bietern &hellip; <\/p>\n<p class=\"link-more\"><a href=\"https:\/\/lehners-barbian.de\/?page_id=191\" class=\"more-link\">Mehr <span class=\"screen-reader-text\">\u00fcber &#8222;VgV &#038; Wettbewerbe&#8220; <\/span>Lesen<\/a><\/p>\n","protected":false},"author":2,"featured_media":0,"parent":0,"menu_order":0,"comment_status":"closed","ping_status":"closed","template":"","meta":{"footnotes":""},"class_list":["post-191","page","type-page","status-publish","hentry"],"_links":{"self":[{"href":"https:\/\/lehners-barbian.de\/index.php?rest_route=\/wp\/v2\/pages\/191","targetHints":{"allow":["GET"]}}],"collection":[{"href":"https:\/\/lehners-barbian.de\/index.php?rest_route=\/wp\/v2\/pages"}],"about":[{"href":"https:\/\/lehners-barbian.de\/index.php?rest_route=\/wp\/v2\/types\/page"}],"author":[{"embeddable":true,"href":"https:\/\/lehners-barbian.de\/index.php?rest_route=\/wp\/v2\/users\/2"}],"replies":[{"embeddable":true,"href":"https:\/\/lehners-barbian.de\/index.php?rest_route=%2Fwp%2Fv2%2Fcomments&post=191"}],"version-history":[{"count":3,"href":"https:\/\/lehners-barbian.de\/index.php?rest_route=\/wp\/v2\/pages\/191\/revisions"}],"predecessor-version":[{"id":856,"href":"https:\/\/lehners-barbian.de\/index.php?rest_route=\/wp\/v2\/pages\/191\/revisions\/856"}],"wp:attachment":[{"href":"https:\/\/lehners-barbian.de\/index.php?rest_route=%2Fwp%2Fv2%2Fmedia&parent=191"}],"curies":[{"name":"wp","href":"https:\/\/api.w.org\/{rel}","templated":true}]}}