{"id":138,"date":"2022-05-17T15:23:19","date_gmt":"2022-05-17T13:23:19","guid":{"rendered":"https:\/\/lehners-barbian.de\/?page_id=138"},"modified":"2022-10-20T14:47:28","modified_gmt":"2022-10-20T12:47:28","slug":"betonsanierung","status":"publish","type":"page","link":"https:\/\/lehners-barbian.de\/?page_id=138","title":{"rendered":"Betoninstandsetzung"},"content":{"rendered":"\n<div class=\"wp-block-columns is-layout-flex wp-container-core-columns-is-layout-28f84493 wp-block-columns-is-layout-flex\">\n<div class=\"wp-block-column is-layout-flow wp-block-column-is-layout-flow\" style=\"flex-basis:66.66%\">\n<h3 class=\"wp-block-heading\">Wir f\u00fchren f\u00fcr Sie betontechnologische Untersuchungen durch&nbsp;bez\u00fcglich der<\/h3>\n\n\n\n<ul class=\"wp-block-list\"><li>Betondeckung<\/li><li>Carbonatisierungstiefe<\/li><li>Haftzugsfestigkeit<\/li><li>Oberfl\u00e4chendruckfestigkeit<\/li><\/ul>\n\n\n\n<h3 class=\"wp-block-heading\">Wir entnehmen Bohrkerne&nbsp;und untersuchen&nbsp;diese im Labor&nbsp;hinsichtlich&nbsp;<\/h3>\n\n\n\n<ul class=\"wp-block-list\"><li>Betonzusammensetzung<\/li><li>Chloridbelastung<\/li><li>Einachsiale Druckfestigkeit&nbsp; &nbsp;<\/li><li>weitere Spezialanalyse<\/li><\/ul>\n\n\n\n<p><a href=\"https:\/\/lehners-barbian.de\/?page_id=87\">zur\u00fcck zur \u00dcbersicht<\/a><\/p>\n<\/div>\n\n\n\n<div class=\"wp-block-column is-layout-flow wp-block-column-is-layout-flow\" style=\"flex-basis:33.33%\">\n<figure class=\"wp-block-image size-full is-resized\"><img loading=\"lazy\" decoding=\"async\" src=\"https:\/\/lehners-barbian.de\/wp-content\/uploads\/2022\/05\/csm_Betonbohrkerne_dee961a10e.jpg\" alt=\"\" class=\"wp-image-139\" width=\"230\" height=\"230\" srcset=\"https:\/\/lehners-barbian.de\/wp-content\/uploads\/2022\/05\/csm_Betonbohrkerne_dee961a10e.jpg 200w, https:\/\/lehners-barbian.de\/wp-content\/uploads\/2022\/05\/csm_Betonbohrkerne_dee961a10e-150x150.jpg 150w\" sizes=\"auto, (max-width: 230px) 100vw, 230px\" \/><\/figure>\n\n\n\n<figure class=\"wp-block-image size-large is-resized\"><img loading=\"lazy\" decoding=\"async\" src=\"https:\/\/lehners-barbian.de\/wp-content\/uploads\/2022\/10\/P1170905-min-edited.jpg\" alt=\"\" class=\"wp-image-842\" width=\"230\" height=\"230\" srcset=\"https:\/\/lehners-barbian.de\/wp-content\/uploads\/2022\/10\/P1170905-min-edited.jpg 2112w, https:\/\/lehners-barbian.de\/wp-content\/uploads\/2022\/10\/P1170905-min-edited-300x300.jpg 300w, https:\/\/lehners-barbian.de\/wp-content\/uploads\/2022\/10\/P1170905-min-edited-1024x1024.jpg 1024w, https:\/\/lehners-barbian.de\/wp-content\/uploads\/2022\/10\/P1170905-min-edited-150x150.jpg 150w, https:\/\/lehners-barbian.de\/wp-content\/uploads\/2022\/10\/P1170905-min-edited-768x767.jpg 768w, https:\/\/lehners-barbian.de\/wp-content\/uploads\/2022\/10\/P1170905-min-edited-1536x1534.jpg 1536w, https:\/\/lehners-barbian.de\/wp-content\/uploads\/2022\/10\/P1170905-min-edited-2048x2045.jpg 2048w, https:\/\/lehners-barbian.de\/wp-content\/uploads\/2022\/10\/P1170905-min-edited-2000x1997.jpg 2000w\" sizes=\"auto, (max-width: 230px) 100vw, 230px\" \/><\/figure>\n<\/div>\n<\/div>\n\n\n\n<div class=\"wp-block-columns is-layout-flex wp-container-core-columns-is-layout-28f84493 wp-block-columns-is-layout-flex\">\n<div class=\"wp-block-column is-layout-flow wp-block-column-is-layout-flow\" style=\"flex-basis:66.66%\">\n<h3 class=\"wp-block-heading\"><\/h3>\n<\/div>\n\n\n\n<div class=\"wp-block-column is-layout-flow wp-block-column-is-layout-flow\" style=\"flex-basis:33.33%\"><\/div>\n<\/div>\n","protected":false},"excerpt":{"rendered":"<p>Wir f\u00fchren f\u00fcr Sie betontechnologische Untersuchungen durch&nbsp;bez\u00fcglich der Betondeckung Carbonatisierungstiefe Haftzugsfestigkeit Oberfl\u00e4chendruckfestigkeit Wir entnehmen Bohrkerne&nbsp;und untersuchen&nbsp;diese im Labor&nbsp;hinsichtlich&nbsp; Betonzusammensetzung Chloridbelastung Einachsiale Druckfestigkeit&nbsp; &nbsp; weitere Spezialanalyse zur\u00fcck zur \u00dcbersicht<\/p>\n","protected":false},"author":2,"featured_media":0,"parent":0,"menu_order":0,"comment_status":"closed","ping_status":"closed","template":"","meta":{"footnotes":""},"class_list":["post-138","page","type-page","status-publish","hentry"],"_links":{"self":[{"href":"https:\/\/lehners-barbian.de\/index.php?rest_route=\/wp\/v2\/pages\/138","targetHints":{"allow":["GET"]}}],"collection":[{"href":"https:\/\/lehners-barbian.de\/index.php?rest_route=\/wp\/v2\/pages"}],"about":[{"href":"https:\/\/lehners-barbian.de\/index.php?rest_route=\/wp\/v2\/types\/page"}],"author":[{"embeddable":true,"href":"https:\/\/lehners-barbian.de\/index.php?rest_route=\/wp\/v2\/users\/2"}],"replies":[{"embeddable":true,"href":"https:\/\/lehners-barbian.de\/index.php?rest_route=%2Fwp%2Fv2%2Fcomments&post=138"}],"version-history":[{"count":5,"href":"https:\/\/lehners-barbian.de\/index.php?rest_route=\/wp\/v2\/pages\/138\/revisions"}],"predecessor-version":[{"id":843,"href":"https:\/\/lehners-barbian.de\/index.php?rest_route=\/wp\/v2\/pages\/138\/revisions\/843"}],"wp:attachment":[{"href":"https:\/\/lehners-barbian.de\/index.php?rest_route=%2Fwp%2Fv2%2Fmedia&parent=138"}],"curies":[{"name":"wp","href":"https:\/\/api.w.org\/{rel}","templated":true}]}}