{"id":134,"date":"2022-05-17T15:20:10","date_gmt":"2022-05-17T13:20:10","guid":{"rendered":"https:\/\/lehners-barbian.de\/?page_id=134"},"modified":"2022-07-15T15:21:28","modified_gmt":"2022-07-15T13:21:28","slug":"natursteinsanierung","status":"publish","type":"page","link":"https:\/\/lehners-barbian.de\/?page_id=134","title":{"rendered":"Natursteinrestaurierung"},"content":{"rendered":"\n<div class=\"wp-block-columns is-layout-flex wp-container-core-columns-is-layout-28f84493 wp-block-columns-is-layout-flex\">\n<div class=\"wp-block-column is-layout-flow wp-block-column-is-layout-flow\" style=\"flex-basis:66.66%\">\n<h3 class=\"wp-block-heading\">Wir f\u00fchren Natursteinuntersuchungen durch&nbsp;bez\u00fcglich<\/h3>\n\n\n\n<ul class=\"wp-block-list\"><li>Schadenszustand<\/li><li>Schadensursache<\/li><li>Materialvarianten von Naturstein und M\u00f6rtel<\/li><li>Mauerwerksaufbau<\/li><\/ul>\n\n\n\n<h3 class=\"wp-block-heading\">Nach einer denkmalgerechten Baustoffentnahme werden die&nbsp;Proben hinsichtlich folgender Aspekte im Labor untersucht:<\/h3>\n\n\n\n<ul class=\"wp-block-list\"><li>Naturstein-, M\u00f6rtelzusammensetzungen<\/li><li>Bausch\u00e4dliche Salze<\/li><li>Wasserhaushalt und Saugf\u00e4higkeit<\/li><li>Einachsiale Druckfestigkeit<\/li><li>weitere Spezialanalysen<\/li><\/ul>\n\n\n\n<p><a href=\"https:\/\/lehners-barbian.de\/?page_id=87\">zur\u00fcck zur \u00dcbersicht<\/a><\/p>\n<\/div>\n\n\n\n<div class=\"wp-block-column is-layout-flow wp-block-column-is-layout-flow\" style=\"flex-basis:33.33%\">\n<figure class=\"wp-block-image size-full is-resized\"><img loading=\"lazy\" decoding=\"async\" src=\"https:\/\/lehners-barbian.de\/wp-content\/uploads\/2022\/05\/Screenshot-47.png\" alt=\"\" class=\"wp-image-135\" width=\"326\" height=\"313\" srcset=\"https:\/\/lehners-barbian.de\/wp-content\/uploads\/2022\/05\/Screenshot-47.png 585w, https:\/\/lehners-barbian.de\/wp-content\/uploads\/2022\/05\/Screenshot-47-300x289.png 300w\" sizes=\"auto, (max-width: 326px) 100vw, 326px\" \/><\/figure>\n<\/div>\n<\/div>\n","protected":false},"excerpt":{"rendered":"<p>Wir f\u00fchren Natursteinuntersuchungen durch&nbsp;bez\u00fcglich Schadenszustand Schadensursache Materialvarianten von Naturstein und M\u00f6rtel Mauerwerksaufbau Nach einer denkmalgerechten Baustoffentnahme werden die&nbsp;Proben hinsichtlich folgender Aspekte im Labor untersucht: Naturstein-, M\u00f6rtelzusammensetzungen Bausch\u00e4dliche Salze Wasserhaushalt und Saugf\u00e4higkeit Einachsiale Druckfestigkeit weitere Spezialanalysen zur\u00fcck zur \u00dcbersicht<\/p>\n","protected":false},"author":2,"featured_media":0,"parent":0,"menu_order":0,"comment_status":"closed","ping_status":"closed","template":"","meta":{"footnotes":""},"class_list":["post-134","page","type-page","status-publish","hentry"],"_links":{"self":[{"href":"https:\/\/lehners-barbian.de\/index.php?rest_route=\/wp\/v2\/pages\/134","targetHints":{"allow":["GET"]}}],"collection":[{"href":"https:\/\/lehners-barbian.de\/index.php?rest_route=\/wp\/v2\/pages"}],"about":[{"href":"https:\/\/lehners-barbian.de\/index.php?rest_route=\/wp\/v2\/types\/page"}],"author":[{"embeddable":true,"href":"https:\/\/lehners-barbian.de\/index.php?rest_route=\/wp\/v2\/users\/2"}],"replies":[{"embeddable":true,"href":"https:\/\/lehners-barbian.de\/index.php?rest_route=%2Fwp%2Fv2%2Fcomments&post=134"}],"version-history":[{"count":3,"href":"https:\/\/lehners-barbian.de\/index.php?rest_route=\/wp\/v2\/pages\/134\/revisions"}],"predecessor-version":[{"id":234,"href":"https:\/\/lehners-barbian.de\/index.php?rest_route=\/wp\/v2\/pages\/134\/revisions\/234"}],"wp:attachment":[{"href":"https:\/\/lehners-barbian.de\/index.php?rest_route=%2Fwp%2Fv2%2Fmedia&parent=134"}],"curies":[{"name":"wp","href":"https:\/\/api.w.org\/{rel}","templated":true}]}}