{"id":123,"date":"2022-05-17T15:06:18","date_gmt":"2022-05-17T13:06:18","guid":{"rendered":"https:\/\/lehners-barbian.de\/?page_id=123"},"modified":"2022-10-20T14:55:29","modified_gmt":"2022-10-20T12:55:29","slug":"bauueberwachung-und-abnahme-lp-8-9","status":"publish","type":"page","link":"https:\/\/lehners-barbian.de\/?page_id=123","title":{"rendered":"Bau\u00fcberwachung und Abnahme (LP 8+9)"},"content":{"rendered":"\n<div class=\"wp-block-columns is-layout-flex wp-container-core-columns-is-layout-28f84493 wp-block-columns-is-layout-flex\">\n<div class=\"wp-block-column is-layout-flow wp-block-column-is-layout-flow\" style=\"flex-basis:66.66%\">\n<h3 class=\"wp-block-heading\">Bau\u00fcberwachung<\/h3>\n\n\n\n<ul class=\"wp-block-list\"><li>\u00dcberwachung der Ausf\u00fchrung auf \u00dcbereinstimmung mit der Baugenehmigung und den Ausf\u00fchrungsunterlagen sowie den allg. anerkannten Regeln der Technik<\/li><li>Koordinierung der an der Objekt\u00fcberwachung Beteiligten<\/li><li>Aufstellen und \u00dcberwachen eines Zeitplans<\/li><li>F\u00fchren eines Bautagebuchs<\/li><\/ul>\n<\/div>\n\n\n\n<div class=\"wp-block-column is-layout-flow wp-block-column-is-layout-flow\" style=\"flex-basis:33.33%\">\n<figure class=\"wp-block-image size-full\"><img loading=\"lazy\" decoding=\"async\" width=\"786\" height=\"714\" src=\"https:\/\/lehners-barbian.de\/wp-content\/uploads\/2022\/05\/Screenshot-45.png\" alt=\"\" class=\"wp-image-124\" srcset=\"https:\/\/lehners-barbian.de\/wp-content\/uploads\/2022\/05\/Screenshot-45.png 786w, https:\/\/lehners-barbian.de\/wp-content\/uploads\/2022\/05\/Screenshot-45-300x273.png 300w, https:\/\/lehners-barbian.de\/wp-content\/uploads\/2022\/05\/Screenshot-45-768x698.png 768w\" sizes=\"auto, (max-width: 786px) 100vw, 786px\" \/><\/figure>\n<\/div>\n<\/div>\n\n\n\n<div class=\"wp-block-columns is-layout-flex wp-container-core-columns-is-layout-28f84493 wp-block-columns-is-layout-flex\">\n<div class=\"wp-block-column is-layout-flow wp-block-column-is-layout-flow\" style=\"flex-basis:66.66%\">\n<h3 class=\"wp-block-heading\">Abnahme<\/h3>\n\n\n\n<ul class=\"wp-block-list\"><li>Abnahme der Bauleistung unter Feststellung der M\u00e4ngel<\/li><li>Rechnungspr\u00fcfung<\/li><li>Kostenfeststellung nach DIN 276<\/li><li>Antrag auf beh\u00f6rdliche Abnahmen<\/li><li>Auflisten der Gew\u00e4hrleistungsfristen<\/li><\/ul>\n<\/div>\n\n\n\n<div class=\"wp-block-column is-layout-flow wp-block-column-is-layout-flow\" style=\"flex-basis:33.33%\">\n<figure class=\"wp-block-image size-full\"><img loading=\"lazy\" decoding=\"async\" width=\"771\" height=\"750\" src=\"https:\/\/lehners-barbian.de\/wp-content\/uploads\/2022\/05\/Screenshot-46-1.png\" alt=\"\" class=\"wp-image-126\" srcset=\"https:\/\/lehners-barbian.de\/wp-content\/uploads\/2022\/05\/Screenshot-46-1.png 771w, https:\/\/lehners-barbian.de\/wp-content\/uploads\/2022\/05\/Screenshot-46-1-300x292.png 300w, https:\/\/lehners-barbian.de\/wp-content\/uploads\/2022\/05\/Screenshot-46-1-768x747.png 768w\" sizes=\"auto, (max-width: 771px) 100vw, 771px\" \/><\/figure>\n<\/div>\n<\/div>\n\n\n\n<p><a href=\"https:\/\/lehners-barbian.de\/?page_id=98\">zur\u00fcck zur \u00dcbersicht<\/a><\/p>\n","protected":false},"excerpt":{"rendered":"<p>Bau\u00fcberwachung \u00dcberwachung der Ausf\u00fchrung auf \u00dcbereinstimmung mit der Baugenehmigung und den Ausf\u00fchrungsunterlagen sowie den allg. anerkannten Regeln der Technik Koordinierung der an der Objekt\u00fcberwachung Beteiligten Aufstellen und \u00dcberwachen eines Zeitplans F\u00fchren eines Bautagebuchs Abnahme Abnahme der Bauleistung unter Feststellung der M\u00e4ngel Rechnungspr\u00fcfung Kostenfeststellung nach DIN 276 Antrag auf beh\u00f6rdliche Abnahmen Auflisten der Gew\u00e4hrleistungsfristen zur\u00fcck zur &hellip; <\/p>\n<p class=\"link-more\"><a href=\"https:\/\/lehners-barbian.de\/?page_id=123\" class=\"more-link\">Mehr <span class=\"screen-reader-text\">\u00fcber &#8222;Bau\u00fcberwachung und Abnahme (LP 8+9)&#8220; <\/span>Lesen<\/a><\/p>\n","protected":false},"author":2,"featured_media":0,"parent":0,"menu_order":0,"comment_status":"closed","ping_status":"closed","template":"","meta":{"footnotes":""},"class_list":["post-123","page","type-page","status-publish","hentry"],"_links":{"self":[{"href":"https:\/\/lehners-barbian.de\/index.php?rest_route=\/wp\/v2\/pages\/123","targetHints":{"allow":["GET"]}}],"collection":[{"href":"https:\/\/lehners-barbian.de\/index.php?rest_route=\/wp\/v2\/pages"}],"about":[{"href":"https:\/\/lehners-barbian.de\/index.php?rest_route=\/wp\/v2\/types\/page"}],"author":[{"embeddable":true,"href":"https:\/\/lehners-barbian.de\/index.php?rest_route=\/wp\/v2\/users\/2"}],"replies":[{"embeddable":true,"href":"https:\/\/lehners-barbian.de\/index.php?rest_route=%2Fwp%2Fv2%2Fcomments&post=123"}],"version-history":[{"count":4,"href":"https:\/\/lehners-barbian.de\/index.php?rest_route=\/wp\/v2\/pages\/123\/revisions"}],"predecessor-version":[{"id":852,"href":"https:\/\/lehners-barbian.de\/index.php?rest_route=\/wp\/v2\/pages\/123\/revisions\/852"}],"wp:attachment":[{"href":"https:\/\/lehners-barbian.de\/index.php?rest_route=%2Fwp%2Fv2%2Fmedia&parent=123"}],"curies":[{"name":"wp","href":"https:\/\/api.w.org\/{rel}","templated":true}]}}