{"id":12,"date":"2022-05-16T12:00:36","date_gmt":"2022-05-16T10:00:36","guid":{"rendered":"https:\/\/lehners-barbian.de\/?page_id=12"},"modified":"2022-07-26T12:37:38","modified_gmt":"2022-07-26T10:37:38","slug":"leistungen","status":"publish","type":"page","link":"https:\/\/lehners-barbian.de\/?page_id=12","title":{"rendered":"Leistungen"},"content":{"rendered":"\n<p>Wir bieten Ihnen umfangreiche Beratungs-, Planungs- und \u00dcberwachungsleistungen rund um Ihr Bauwerk an.<\/p>\n\n\n\n<p>Dabei liegen uns eine vertrauensvolle und fachkompetente Beratung unserer Kunden sowie eine ganzheitliche sprich fach\u00fcbergreifende und zuverl\u00e4ssige Betreuung Ihrer Bauvorhaben besonders am Herzen.<\/p>\n\n\n\n<p>Unser Team verf\u00fcgt \u00fcber die entsprechenden menschlichen Voraussetzungen, Fachqualifikationen und Erfahrungen am Bau.<\/p>\n","protected":false},"excerpt":{"rendered":"<p>Wir bieten Ihnen umfangreiche Beratungs-, Planungs- und \u00dcberwachungsleistungen rund um Ihr Bauwerk an. Dabei liegen uns eine vertrauensvolle und fachkompetente Beratung unserer Kunden sowie eine ganzheitliche sprich fach\u00fcbergreifende und zuverl\u00e4ssige Betreuung Ihrer Bauvorhaben besonders am Herzen. Unser Team verf\u00fcgt \u00fcber die entsprechenden menschlichen Voraussetzungen, Fachqualifikationen und Erfahrungen am Bau.<\/p>\n","protected":false},"author":2,"featured_media":0,"parent":0,"menu_order":0,"comment_status":"closed","ping_status":"closed","template":"","meta":{"footnotes":""},"class_list":["post-12","page","type-page","status-publish","hentry"],"_links":{"self":[{"href":"https:\/\/lehners-barbian.de\/index.php?rest_route=\/wp\/v2\/pages\/12","targetHints":{"allow":["GET"]}}],"collection":[{"href":"https:\/\/lehners-barbian.de\/index.php?rest_route=\/wp\/v2\/pages"}],"about":[{"href":"https:\/\/lehners-barbian.de\/index.php?rest_route=\/wp\/v2\/types\/page"}],"author":[{"embeddable":true,"href":"https:\/\/lehners-barbian.de\/index.php?rest_route=\/wp\/v2\/users\/2"}],"replies":[{"embeddable":true,"href":"https:\/\/lehners-barbian.de\/index.php?rest_route=%2Fwp%2Fv2%2Fcomments&post=12"}],"version-history":[{"count":2,"href":"https:\/\/lehners-barbian.de\/index.php?rest_route=\/wp\/v2\/pages\/12\/revisions"}],"predecessor-version":[{"id":26,"href":"https:\/\/lehners-barbian.de\/index.php?rest_route=\/wp\/v2\/pages\/12\/revisions\/26"}],"wp:attachment":[{"href":"https:\/\/lehners-barbian.de\/index.php?rest_route=%2Fwp%2Fv2%2Fmedia&parent=12"}],"curies":[{"name":"wp","href":"https:\/\/api.w.org\/{rel}","templated":true}]}}