{"id":116,"date":"2022-05-17T14:42:11","date_gmt":"2022-05-17T12:42:11","guid":{"rendered":"https:\/\/lehners-barbian.de\/?page_id=116"},"modified":"2022-10-20T14:54:43","modified_gmt":"2022-10-20T12:54:43","slug":"ausschreibung-und-angebotspruefung-lp-67","status":"publish","type":"page","link":"https:\/\/lehners-barbian.de\/?page_id=116","title":{"rendered":"Ausschreibung- und Angebotspr\u00fcfung (LP 6+7)"},"content":{"rendered":"\n<div class=\"wp-block-columns is-layout-flex wp-container-core-columns-is-layout-28f84493 wp-block-columns-is-layout-flex\">\n<div class=\"wp-block-column is-layout-flow wp-block-column-is-layout-flow\" style=\"flex-basis:66.66%\">\n<h3 class=\"wp-block-heading\">Ausschreibung<\/h3>\n\n\n\n<ul class=\"wp-block-list\"><li>Ermitteln und Zusammenstellen von Mengen<\/li><li>Aufstellen von Leistungsbeschreibungen<\/li><li>Abstimmen der Leistungsbeschreibungen mit anderen an der Planung fachlich Beteiligten<\/li><\/ul>\n\n\n\n<h3 class=\"wp-block-heading\">Angebotspr\u00fcfung<\/h3>\n\n\n\n<ul class=\"wp-block-list\"><li>Einholen von Angeboten<\/li><li>Pr\u00fcfen und Werten der Angebote<\/li><li>Verhandlung mit Bietern<\/li><li>Kostenanschlag nach DIN 276<\/li><li>Mitwirkung bei der Auftragserteilung<\/li><\/ul>\n\n\n\n<p><a href=\"https:\/\/lehners-barbian.de\/?page_id=98\">zur\u00fcck zur \u00dcbersicht<\/a><\/p>\n<\/div>\n\n\n\n<div class=\"wp-block-column is-layout-flow wp-block-column-is-layout-flow\" style=\"flex-basis:33.33%\">\n<figure class=\"wp-block-image size-large\"><img loading=\"lazy\" decoding=\"async\" width=\"1024\" height=\"941\" src=\"https:\/\/lehners-barbian.de\/wp-content\/uploads\/2022\/08\/20220825_145140-1-1024x941.jpg\" alt=\"\" class=\"wp-image-530\" srcset=\"https:\/\/lehners-barbian.de\/wp-content\/uploads\/2022\/08\/20220825_145140-1-1024x941.jpg 1024w, https:\/\/lehners-barbian.de\/wp-content\/uploads\/2022\/08\/20220825_145140-1-300x276.jpg 300w, https:\/\/lehners-barbian.de\/wp-content\/uploads\/2022\/08\/20220825_145140-1-768x705.jpg 768w, https:\/\/lehners-barbian.de\/wp-content\/uploads\/2022\/08\/20220825_145140-1-1536x1411.jpg 1536w, https:\/\/lehners-barbian.de\/wp-content\/uploads\/2022\/08\/20220825_145140-1.jpg 1867w\" sizes=\"auto, (max-width: 1024px) 100vw, 1024px\" \/><\/figure>\n<\/div>\n<\/div>\n","protected":false},"excerpt":{"rendered":"<p>Ausschreibung Ermitteln und Zusammenstellen von Mengen Aufstellen von Leistungsbeschreibungen Abstimmen der Leistungsbeschreibungen mit anderen an der Planung fachlich Beteiligten Angebotspr\u00fcfung Einholen von Angeboten Pr\u00fcfen und Werten der Angebote Verhandlung mit Bietern Kostenanschlag nach DIN 276 Mitwirkung bei der Auftragserteilung zur\u00fcck zur \u00dcbersicht<\/p>\n","protected":false},"author":2,"featured_media":0,"parent":0,"menu_order":0,"comment_status":"closed","ping_status":"closed","template":"","meta":{"footnotes":""},"class_list":["post-116","page","type-page","status-publish","hentry"],"_links":{"self":[{"href":"https:\/\/lehners-barbian.de\/index.php?rest_route=\/wp\/v2\/pages\/116","targetHints":{"allow":["GET"]}}],"collection":[{"href":"https:\/\/lehners-barbian.de\/index.php?rest_route=\/wp\/v2\/pages"}],"about":[{"href":"https:\/\/lehners-barbian.de\/index.php?rest_route=\/wp\/v2\/types\/page"}],"author":[{"embeddable":true,"href":"https:\/\/lehners-barbian.de\/index.php?rest_route=\/wp\/v2\/users\/2"}],"replies":[{"embeddable":true,"href":"https:\/\/lehners-barbian.de\/index.php?rest_route=%2Fwp%2Fv2%2Fcomments&post=116"}],"version-history":[{"count":3,"href":"https:\/\/lehners-barbian.de\/index.php?rest_route=\/wp\/v2\/pages\/116\/revisions"}],"predecessor-version":[{"id":851,"href":"https:\/\/lehners-barbian.de\/index.php?rest_route=\/wp\/v2\/pages\/116\/revisions\/851"}],"wp:attachment":[{"href":"https:\/\/lehners-barbian.de\/index.php?rest_route=%2Fwp%2Fv2%2Fmedia&parent=116"}],"curies":[{"name":"wp","href":"https:\/\/api.w.org\/{rel}","templated":true}]}}