{"id":113,"date":"2022-05-17T14:40:06","date_gmt":"2022-05-17T12:40:06","guid":{"rendered":"https:\/\/lehners-barbian.de\/?page_id=113"},"modified":"2022-10-20T14:53:47","modified_gmt":"2022-10-20T12:53:47","slug":"ausfuehrungsplanung-lp-5","status":"publish","type":"page","link":"https:\/\/lehners-barbian.de\/?page_id=113","title":{"rendered":"Ausf\u00fchrungsplanung (LP 5)"},"content":{"rendered":"\n<div class=\"wp-block-columns is-layout-flex wp-container-core-columns-is-layout-28f84493 wp-block-columns-is-layout-flex\">\n<div class=\"wp-block-column is-layout-flow wp-block-column-is-layout-flow\" style=\"flex-basis:66.66%\">\n<ul class=\"wp-block-list\"><li>\u00dcberarbeitung der Ergebnisse der Entwurfs- und Genehmigungsplanung<\/li><li>Ber\u00fccksichtigung unterschiedlicher Anforderungen, z.B. rationelle Energieverwendung<\/li><li>zeichnerische Darstellung aller f\u00fcr die Ausf\u00fchrung notwendigen Einzelangaben (Detail- und Konstruktionszeichnungen)<\/li><li>Erarbeiten der Grundlage f\u00fcr andere an der Planung Beteiligte<\/li><li>Fortschreiben der Ausf\u00fchrungsplanung w\u00e4hrend der Objektausf\u00fchrung<\/li><\/ul>\n\n\n\n<p><a href=\"https:\/\/lehners-barbian.de\/?page_id=98\">zur\u00fcck zur \u00dcbersicht<\/a><\/p>\n<\/div>\n\n\n\n<div class=\"wp-block-column is-layout-flow wp-block-column-is-layout-flow\" style=\"flex-basis:33.33%\">\n<figure class=\"wp-block-image size-large\"><img loading=\"lazy\" decoding=\"async\" width=\"1024\" height=\"608\" src=\"https:\/\/lehners-barbian.de\/wp-content\/uploads\/2022\/08\/Screenshot-50-1024x608.png\" alt=\"\" class=\"wp-image-526\" srcset=\"https:\/\/lehners-barbian.de\/wp-content\/uploads\/2022\/08\/Screenshot-50-1024x608.png 1024w, https:\/\/lehners-barbian.de\/wp-content\/uploads\/2022\/08\/Screenshot-50-300x178.png 300w, https:\/\/lehners-barbian.de\/wp-content\/uploads\/2022\/08\/Screenshot-50-768x456.png 768w, https:\/\/lehners-barbian.de\/wp-content\/uploads\/2022\/08\/Screenshot-50.png 1208w\" sizes=\"auto, (max-width: 1024px) 100vw, 1024px\" \/><\/figure>\n<\/div>\n<\/div>\n","protected":false},"excerpt":{"rendered":"<p>\u00dcberarbeitung der Ergebnisse der Entwurfs- und Genehmigungsplanung Ber\u00fccksichtigung unterschiedlicher Anforderungen, z.B. rationelle Energieverwendung zeichnerische Darstellung aller f\u00fcr die Ausf\u00fchrung notwendigen Einzelangaben (Detail- und Konstruktionszeichnungen) Erarbeiten der Grundlage f\u00fcr andere an der Planung Beteiligte Fortschreiben der Ausf\u00fchrungsplanung w\u00e4hrend der Objektausf\u00fchrung zur\u00fcck zur \u00dcbersicht<\/p>\n","protected":false},"author":2,"featured_media":0,"parent":0,"menu_order":0,"comment_status":"closed","ping_status":"closed","template":"","meta":{"footnotes":""},"class_list":["post-113","page","type-page","status-publish","hentry"],"_links":{"self":[{"href":"https:\/\/lehners-barbian.de\/index.php?rest_route=\/wp\/v2\/pages\/113","targetHints":{"allow":["GET"]}}],"collection":[{"href":"https:\/\/lehners-barbian.de\/index.php?rest_route=\/wp\/v2\/pages"}],"about":[{"href":"https:\/\/lehners-barbian.de\/index.php?rest_route=\/wp\/v2\/types\/page"}],"author":[{"embeddable":true,"href":"https:\/\/lehners-barbian.de\/index.php?rest_route=\/wp\/v2\/users\/2"}],"replies":[{"embeddable":true,"href":"https:\/\/lehners-barbian.de\/index.php?rest_route=%2Fwp%2Fv2%2Fcomments&post=113"}],"version-history":[{"count":2,"href":"https:\/\/lehners-barbian.de\/index.php?rest_route=\/wp\/v2\/pages\/113\/revisions"}],"predecessor-version":[{"id":850,"href":"https:\/\/lehners-barbian.de\/index.php?rest_route=\/wp\/v2\/pages\/113\/revisions\/850"}],"wp:attachment":[{"href":"https:\/\/lehners-barbian.de\/index.php?rest_route=%2Fwp%2Fv2%2Fmedia&parent=113"}],"curies":[{"name":"wp","href":"https:\/\/api.w.org\/{rel}","templated":true}]}}