{"id":108,"date":"2022-05-17T14:22:52","date_gmt":"2022-05-17T12:22:52","guid":{"rendered":"https:\/\/lehners-barbian.de\/?page_id=108"},"modified":"2022-10-20T14:52:17","modified_gmt":"2022-10-20T12:52:17","slug":"entwurfs-und-genehmigunsgplanung-lp2-4","status":"publish","type":"page","link":"https:\/\/lehners-barbian.de\/?page_id=108","title":{"rendered":"Entwurfs- und Genehmigunsgplanung (LP2+4)"},"content":{"rendered":"\n<div class=\"wp-block-columns is-layout-flex wp-container-core-columns-is-layout-28f84493 wp-block-columns-is-layout-flex\">\n<div class=\"wp-block-column is-layout-flow wp-block-column-is-layout-flow\" style=\"flex-basis:66.66%\">\n<h3 class=\"wp-block-heading\">Entwurfsplanung<\/h3>\n\n\n\n<ul class=\"wp-block-list\"><li>nach der Grundlagenermittlung und Vorplanung wird ein Planungskonzept erstellt<\/li><li>Zeichnerische Darstellung des Entwurfs<\/li><li>Verhandlungen mit Beh\u00f6rden \u00fcber die Genehmigungsf\u00e4higkeit<\/li><li>Kostenberechnung nach DIN 276<\/li><\/ul>\n\n\n\n<h3 class=\"wp-block-heading\">Genehmigungsplanung<\/h3>\n\n\n\n<ul class=\"wp-block-list\"><li>Zusammenstellung der Vorlagen f\u00fcr die Genehmigung<\/li><li>Einreichen der Unterlagen (Bauantrag)<\/li><li>Vervollst\u00e4ndigung bzw. Anpassen der Planungsunterlagen<\/li><\/ul>\n\n\n\n<p><a href=\"https:\/\/lehners-barbian.de\/?page_id=98\">zur\u00fcck zur \u00dcbersicht<\/a><\/p>\n<\/div>\n\n\n\n<div class=\"wp-block-column is-layout-flow wp-block-column-is-layout-flow\" style=\"flex-basis:33.33%\">\n<figure class=\"wp-block-image size-large\"><img loading=\"lazy\" decoding=\"async\" width=\"1024\" height=\"743\" src=\"https:\/\/lehners-barbian.de\/wp-content\/uploads\/2022\/08\/20220825_142834-min-1024x743.jpg\" alt=\"\" class=\"wp-image-528\" srcset=\"https:\/\/lehners-barbian.de\/wp-content\/uploads\/2022\/08\/20220825_142834-min-1024x743.jpg 1024w, https:\/\/lehners-barbian.de\/wp-content\/uploads\/2022\/08\/20220825_142834-min-300x218.jpg 300w, https:\/\/lehners-barbian.de\/wp-content\/uploads\/2022\/08\/20220825_142834-min-768x557.jpg 768w, https:\/\/lehners-barbian.de\/wp-content\/uploads\/2022\/08\/20220825_142834-min-1536x1115.jpg 1536w, https:\/\/lehners-barbian.de\/wp-content\/uploads\/2022\/08\/20220825_142834-min-2048x1487.jpg 2048w, https:\/\/lehners-barbian.de\/wp-content\/uploads\/2022\/08\/20220825_142834-min-2000x1452.jpg 2000w\" sizes=\"auto, (max-width: 1024px) 100vw, 1024px\" \/><\/figure>\n<\/div>\n<\/div>\n","protected":false},"excerpt":{"rendered":"<p>Entwurfsplanung nach der Grundlagenermittlung und Vorplanung wird ein Planungskonzept erstellt Zeichnerische Darstellung des Entwurfs Verhandlungen mit Beh\u00f6rden \u00fcber die Genehmigungsf\u00e4higkeit Kostenberechnung nach DIN 276 Genehmigungsplanung Zusammenstellung der Vorlagen f\u00fcr die Genehmigung Einreichen der Unterlagen (Bauantrag) Vervollst\u00e4ndigung bzw. Anpassen der Planungsunterlagen zur\u00fcck zur \u00dcbersicht<\/p>\n","protected":false},"author":2,"featured_media":0,"parent":0,"menu_order":0,"comment_status":"closed","ping_status":"closed","template":"","meta":{"footnotes":""},"class_list":["post-108","page","type-page","status-publish","hentry"],"_links":{"self":[{"href":"https:\/\/lehners-barbian.de\/index.php?rest_route=\/wp\/v2\/pages\/108","targetHints":{"allow":["GET"]}}],"collection":[{"href":"https:\/\/lehners-barbian.de\/index.php?rest_route=\/wp\/v2\/pages"}],"about":[{"href":"https:\/\/lehners-barbian.de\/index.php?rest_route=\/wp\/v2\/types\/page"}],"author":[{"embeddable":true,"href":"https:\/\/lehners-barbian.de\/index.php?rest_route=\/wp\/v2\/users\/2"}],"replies":[{"embeddable":true,"href":"https:\/\/lehners-barbian.de\/index.php?rest_route=%2Fwp%2Fv2%2Fcomments&post=108"}],"version-history":[{"count":5,"href":"https:\/\/lehners-barbian.de\/index.php?rest_route=\/wp\/v2\/pages\/108\/revisions"}],"predecessor-version":[{"id":848,"href":"https:\/\/lehners-barbian.de\/index.php?rest_route=\/wp\/v2\/pages\/108\/revisions\/848"}],"wp:attachment":[{"href":"https:\/\/lehners-barbian.de\/index.php?rest_route=%2Fwp%2Fv2%2Fmedia&parent=108"}],"curies":[{"name":"wp","href":"https:\/\/api.w.org\/{rel}","templated":true}]}}